{"id":1981,"date":"2025-10-18T10:09:19","date_gmt":"2025-10-18T10:09:19","guid":{"rendered":"https:\/\/www.mappershoe.com\/?post_type=product&#038;p=1981"},"modified":"2025-10-27T06:34:11","modified_gmt":"2025-10-27T06:34:11","slug":"eva-flip-flops-wholesale","status":"publish","type":"product","link":"https:\/\/www.mappershoe.com\/fr\/produit\/eva-flip-flops-wholesale\/","title":{"rendered":"Tongs EVA en gros avec semelle creuse Personnalis\u00e9es"},"content":{"rendered":"<div class=\"wp-block-columns is-layout-flex wp-container-core-columns-is-layout-9d6595d7 wp-block-columns-is-layout-flex\">\n<div class=\"wp-block-column is-layout-flow wp-block-column-is-layout-flow\">\n<h3 class=\"wp-block-heading\">Tongs en EVA de premi\u00e8re qualit\u00e9 Caract\u00e9ristiques en gros :<\/h3>\n\n\n\n<p><strong>Mati\u00e8re \u00e9lastique EVA :<\/strong> Nos tongs de plage personnalis\u00e9es en gros sont fabriqu\u00e9es en EVA hautement \u00e9lastique, l\u00e9ger et durable, convenant \u00e0 un usage \u00e0 long terme et aux sports de plein air.<\/p>\n\n\n\n<p><strong>Conception de la semelle en creux :<\/strong> La semelle creuse de nos tongs en EVA am\u00e9liore la ventilation et le drainage, s\u00e8che rapidement et offre un confort antid\u00e9rapant.<\/p>\n\n\n\n<p><strong>Semelle ergonomique et antid\u00e9rapante :<\/strong> Nos tongs EVA en gros ont une semelle ergonomique avec des bandes antid\u00e9rapantes pour un maintien confortable et s\u00fbr, parfait pour les sols glissants comme les plages et les bords de piscine.<\/p>\n\n\n\n<p><strong>Approvisionnement en gros :<\/strong> Nos tongs EVA en gros offrent des services de personnalisation, ce qui est id\u00e9al pour les achats en gros par les marques, les d\u00e9taillants de cadeaux et les distributeurs de mat\u00e9riel de vacances.<\/p>\n\n\n\n<p><strong>Logo personnalis\u00e9 et options de couleur :<\/strong> La personnalisation OEM\/ODM prend en charge les tongs personnalis\u00e9es. Les utilisateurs peuvent apposer leur logo et choisir des couleurs et des motifs vari\u00e9s pour cr\u00e9er une identit\u00e9 de marque personnelle.<\/p>\n<\/div>\n\n\n\n<div class=\"wp-block-column is-layout-flow wp-block-column-is-layout-flow\">\n<figure class=\"wp-block-image size-full\"><img decoding=\"async\" width=\"720\" height=\"720\" src=\"https:\/\/www.mappershoe.com\/wp-content\/uploads\/2025\/10\/eva-flip-flops-wholesale-for-men-with-hollow-out-sole-print-3.webp\" alt=\"eva-flip-flops-wholesale-for-men-with-hollow-out-sole-print-3\" class=\"wp-image-1984\" srcset=\"https:\/\/www.mappershoe.com\/wp-content\/uploads\/2025\/10\/eva-flip-flops-wholesale-for-men-with-hollow-out-sole-print-3.webp 720w, https:\/\/www.mappershoe.com\/wp-content\/uploads\/2025\/10\/eva-flip-flops-wholesale-for-men-with-hollow-out-sole-print-3-300x300.webp 300w, https:\/\/www.mappershoe.com\/wp-content\/uploads\/2025\/10\/eva-flip-flops-wholesale-for-men-with-hollow-out-sole-print-3-150x150.webp 150w, https:\/\/www.mappershoe.com\/wp-content\/uploads\/2025\/10\/eva-flip-flops-wholesale-for-men-with-hollow-out-sole-print-3-12x12.webp 12w, https:\/\/www.mappershoe.com\/wp-content\/uploads\/2025\/10\/eva-flip-flops-wholesale-for-men-with-hollow-out-sole-print-3-600x600.webp 600w, https:\/\/www.mappershoe.com\/wp-content\/uploads\/2025\/10\/eva-flip-flops-wholesale-for-men-with-hollow-out-sole-print-3-100x100.webp 100w\" sizes=\"(max-width: 720px) 100vw, 720px\" \/><\/figure>\n<\/div>\n<\/div>\n\n\n\n<figure class=\"wp-block-gallery has-nested-images columns-default is-cropped wp-block-gallery-1 is-layout-flex wp-block-gallery-is-layout-flex\">\n<figure class=\"wp-block-image size-large\"><img decoding=\"async\" width=\"790\" height=\"1167\" data-id=\"1989\" src=\"https:\/\/www.mappershoe.com\/wp-content\/uploads\/2025\/10\/eva-flip-flops-wholesale-for-men-with-hollow-out-sole-print-8.webp\" alt=\"eva-flip-flops-wholesale-for-men-with-hollow-out-sole-print-8\" class=\"wp-image-1989\" srcset=\"https:\/\/www.mappershoe.com\/wp-content\/uploads\/2025\/10\/eva-flip-flops-wholesale-for-men-with-hollow-out-sole-print-8.webp 790w, https:\/\/www.mappershoe.com\/wp-content\/uploads\/2025\/10\/eva-flip-flops-wholesale-for-men-with-hollow-out-sole-print-8-203x300.webp 203w, https:\/\/www.mappershoe.com\/wp-content\/uploads\/2025\/10\/eva-flip-flops-wholesale-for-men-with-hollow-out-sole-print-8-768x1135.webp 768w, https:\/\/www.mappershoe.com\/wp-content\/uploads\/2025\/10\/eva-flip-flops-wholesale-for-men-with-hollow-out-sole-print-8-8x12.webp 8w, https:\/\/www.mappershoe.com\/wp-content\/uploads\/2025\/10\/eva-flip-flops-wholesale-for-men-with-hollow-out-sole-print-8-600x886.webp 600w\" sizes=\"(max-width: 790px) 100vw, 790px\" \/><\/figure>\n\n\n\n<figure class=\"wp-block-image size-large\"><img decoding=\"async\" width=\"790\" height=\"1389\" data-id=\"1990\" src=\"https:\/\/www.mappershoe.com\/wp-content\/uploads\/2025\/10\/eva-flip-flops-wholesale-for-men-with-hollow-out-sole-print-9.webp\" alt=\"eva-flip-flops-wholesale-for-men-with-hollow-out-sole-print-9\" class=\"wp-image-1990\" srcset=\"https:\/\/www.mappershoe.com\/wp-content\/uploads\/2025\/10\/eva-flip-flops-wholesale-for-men-with-hollow-out-sole-print-9.webp 790w, https:\/\/www.mappershoe.com\/wp-content\/uploads\/2025\/10\/eva-flip-flops-wholesale-for-men-with-hollow-out-sole-print-9-171x300.webp 171w, https:\/\/www.mappershoe.com\/wp-content\/uploads\/2025\/10\/eva-flip-flops-wholesale-for-men-with-hollow-out-sole-print-9-768x1350.webp 768w, https:\/\/www.mappershoe.com\/wp-content\/uploads\/2025\/10\/eva-flip-flops-wholesale-for-men-with-hollow-out-sole-print-9-7x12.webp 7w, https:\/\/www.mappershoe.com\/wp-content\/uploads\/2025\/10\/eva-flip-flops-wholesale-for-men-with-hollow-out-sole-print-9-600x1055.webp 600w\" sizes=\"(max-width: 790px) 100vw, 790px\" \/><\/figure>\n\n\n\n<figure class=\"wp-block-image size-large\"><img decoding=\"async\" width=\"790\" height=\"1057\" data-id=\"1991\" src=\"https:\/\/www.mappershoe.com\/wp-content\/uploads\/2025\/10\/eva-flip-flops-wholesale-for-men-with-hollow-out-sole-print-10.webp\" alt=\"eva-flip-flops-wholesale-for-men-with-hollow-out-sole-print-10\" class=\"wp-image-1991\" srcset=\"https:\/\/www.mappershoe.com\/wp-content\/uploads\/2025\/10\/eva-flip-flops-wholesale-for-men-with-hollow-out-sole-print-10.webp 790w, https:\/\/www.mappershoe.com\/wp-content\/uploads\/2025\/10\/eva-flip-flops-wholesale-for-men-with-hollow-out-sole-print-10-224x300.webp 224w, https:\/\/www.mappershoe.com\/wp-content\/uploads\/2025\/10\/eva-flip-flops-wholesale-for-men-with-hollow-out-sole-print-10-768x1028.webp 768w, https:\/\/www.mappershoe.com\/wp-content\/uploads\/2025\/10\/eva-flip-flops-wholesale-for-men-with-hollow-out-sole-print-10-9x12.webp 9w, https:\/\/www.mappershoe.com\/wp-content\/uploads\/2025\/10\/eva-flip-flops-wholesale-for-men-with-hollow-out-sole-print-10-600x803.webp 600w\" sizes=\"(max-width: 790px) 100vw, 790px\" \/><\/figure>\n<\/figure>","protected":false},"excerpt":{"rendered":"<p>Vous cherchez des tongs EVA pour homme en gros ? Nos tongs de plage de marque priv\u00e9e OEM\/ODM offrent un confort l\u00e9ger, des semelles \u00e9vid\u00e9es et des motifs personnalis\u00e9s imprimables. Parfaites pour la mode estivale, les stations baln\u00e9aires et les entreprises de chaussures de marketing. Parfaites pour les clients B2B qui ont besoin de commandes en gros OEM\/ODM \u00e0 des prix d'usine.<\/p>\n<h2>Tongs EVA en gros Sp\u00e9cifications :<\/h2>\n<table width=\"448\">\n<tbody>\n<tr>\n<td width=\"168\">Fabricant :<\/td>\n<td width=\"280\">Mingyi<\/td>\n<\/tr>\n<tr>\n<td>Style :<\/td>\n<td>Tongs<\/td>\n<\/tr>\n<tr>\n<td>Mod\u00e8le :<\/td>\n<td>1916<\/td>\n<\/tr>\n<tr>\n<td>Mat\u00e9riau :\u00a0<\/td>\n<td>EVA<\/td>\n<\/tr>\n<tr>\n<td>Couleur :\u00a0<\/td>\n<td width=\"280\">Sur mesure<\/td>\n<\/tr>\n<tr>\n<td>Taille :\u00a0<\/td>\n<td width=\"280\">Sur mesure<\/td>\n<\/tr>\n<tr>\n<td>Options de personnalisation :\u00a0<\/td>\n<td>Logo (dessus, c\u00f4t\u00e9, semelle int\u00e9rieure) \/ Impression int\u00e9grale \/ Couleur \/ Mati\u00e8re \/ \u00c9paisseur de la semelle \/ Dessus<\/td>\n<\/tr>\n<tr>\n<td>Emballage :\u00a0<\/td>\n<td>Emballage personnalis\u00e9<\/td>\n<\/tr>\n<tr>\n<td>Exemple\uff1a<\/td>\n<td>\u00c9chantillons vierges gratuits<\/td>\n<\/tr>\n<\/tbody>\n<\/table>","protected":false},"featured_media":1983,"comment_status":"closed","ping_status":"closed","template":"","meta":{"_acf_changed":false},"product_brand":[],"product_cat":[17],"product_tag":[25,26],"class_list":{"0":"post-1981","1":"product","2":"type-product","3":"status-publish","4":"has-post-thumbnail","6":"product_cat-wholesale-flip-flops","7":"product_tag-eva-slippers-wholesale","8":"product_tag-mens-slippers-wholesale","10":"first","11":"instock","12":"shipping-taxable","13":"product-type-simple"},"acf":[],"_links":{"self":[{"href":"https:\/\/www.mappershoe.com\/fr\/wp-json\/wp\/v2\/product\/1981","targetHints":{"allow":["GET"]}}],"collection":[{"href":"https:\/\/www.mappershoe.com\/fr\/wp-json\/wp\/v2\/product"}],"about":[{"href":"https:\/\/www.mappershoe.com\/fr\/wp-json\/wp\/v2\/types\/product"}],"replies":[{"embeddable":true,"href":"https:\/\/www.mappershoe.com\/fr\/wp-json\/wp\/v2\/comments?post=1981"}],"wp:featuredmedia":[{"embeddable":true,"href":"https:\/\/www.mappershoe.com\/fr\/wp-json\/wp\/v2\/media\/1983"}],"wp:attachment":[{"href":"https:\/\/www.mappershoe.com\/fr\/wp-json\/wp\/v2\/media?parent=1981"}],"wp:term":[{"taxonomy":"product_brand","embeddable":true,"href":"https:\/\/www.mappershoe.com\/fr\/wp-json\/wp\/v2\/product_brand?post=1981"},{"taxonomy":"product_cat","embeddable":true,"href":"https:\/\/www.mappershoe.com\/fr\/wp-json\/wp\/v2\/product_cat?post=1981"},{"taxonomy":"product_tag","embeddable":true,"href":"https:\/\/www.mappershoe.com\/fr\/wp-json\/wp\/v2\/product_tag?post=1981"}],"curies":[{"name":"wp","href":"https:\/\/api.w.org\/{rel}","templated":true}]}}