{"id":1993,"date":"2025-10-20T02:04:59","date_gmt":"2025-10-20T02:04:59","guid":{"rendered":"https:\/\/www.mappershoe.com\/?post_type=product&#038;p=1993"},"modified":"2025-10-27T06:28:55","modified_gmt":"2025-10-27T06:28:55","slug":"custom-printed-flip-flops","status":"publish","type":"product","link":"https:\/\/www.mappershoe.com\/fr\/produit\/custom-printed-flip-flops\/","title":{"rendered":"Tongs imprim\u00e9es en couleur, tongs EVA en gros"},"content":{"rendered":"<div class=\"wp-block-columns is-layout-flex wp-container-core-columns-is-layout-9d6595d7 wp-block-columns-is-layout-flex\">\n<div class=\"wp-block-column is-layout-flow wp-block-column-is-layout-flow\">\n<h3 class=\"wp-block-heading\">Tongs imprim\u00e9es personnalis\u00e9es Premium Caract\u00e9ristiques :<\/h3>\n\n\n\n<p><strong>Mat\u00e9riau EVA l\u00e9ger et souple : <\/strong>Nos tongs imprim\u00e9es personnalis\u00e9es sont compos\u00e9es d'un mat\u00e9riau EVA l\u00e9ger, doux et flexible, bien rembourr\u00e9, qui absorbe bien les chocs et pr\u00e9sente une qualit\u00e9 antid\u00e9rapante id\u00e9ale pour un usage confortable et d\u00e9contract\u00e9.<\/p>\n\n\n\n<p><strong>Impression personnalis\u00e9e en couleur : <\/strong>Nous proposons une impression par transfert thermique en quadrichromie pour nos tongs imprim\u00e9es personnalis\u00e9es, ce qui vous permet d'imprimer votre logo, votre dessin, le th\u00e8me de votre \u00e9v\u00e9nement, etc. dans des couleurs vives et rapides.<\/p>\n\n\n\n<p><strong>Emballage innovant d\u00e9coup\u00e9 \u00e0 l'emporte-pi\u00e8ce :<\/strong> Nous proposons ces tongs en gros avec des designs innovants dans diff\u00e9rentes formes (par exemple, animal, T-shirt, rond, carr\u00e9, etc.). L'emballage unique attire l'attention et renforce la promotion de la marque et la pr\u00e9sentation au d\u00e9tail.<\/p>\n\n\n\n<p><strong>Conception confortable :<\/strong> La semelle souple et la conception ergonomique des tongs de gros assurent un confort de marche, parfait pour le quotidien, les excursions \u00e0 la plage, les sorties \u00e0 la piscine et les activit\u00e9s de plein air.<\/p>\n\n\n\n<p><strong>Service de vente en gros et sur mesure :<\/strong> Nous proposons des achats en gros, une production rapide et des services de personnalisation OEM\/ODM. Ils sont parfaits pour les \u00e9v\u00e9nements de marque, les cadeaux promotionnels ou les g\u00e2teries de vacances.<\/p>\n<\/div>\n\n\n\n<div class=\"wp-block-column is-layout-flow wp-block-column-is-layout-flow\">\n<figure class=\"wp-block-image size-full\"><img decoding=\"async\" width=\"1000\" height=\"1000\" src=\"https:\/\/www.mappershoe.com\/wp-content\/uploads\/2025\/10\/custom-printed-flip-flops-with-full-color-eva-flip-flop-bulk-3.webp\" alt=\"tongs-imprim\u00e9es-personnalis\u00e9es-avec-couleur-eva-tongs-bulk-3\" class=\"wp-image-1996\" srcset=\"https:\/\/www.mappershoe.com\/wp-content\/uploads\/2025\/10\/custom-printed-flip-flops-with-full-color-eva-flip-flop-bulk-3.webp 1000w, https:\/\/www.mappershoe.com\/wp-content\/uploads\/2025\/10\/custom-printed-flip-flops-with-full-color-eva-flip-flop-bulk-3-300x300.webp 300w, https:\/\/www.mappershoe.com\/wp-content\/uploads\/2025\/10\/custom-printed-flip-flops-with-full-color-eva-flip-flop-bulk-3-150x150.webp 150w, https:\/\/www.mappershoe.com\/wp-content\/uploads\/2025\/10\/custom-printed-flip-flops-with-full-color-eva-flip-flop-bulk-3-768x768.webp 768w, https:\/\/www.mappershoe.com\/wp-content\/uploads\/2025\/10\/custom-printed-flip-flops-with-full-color-eva-flip-flop-bulk-3-12x12.webp 12w, https:\/\/www.mappershoe.com\/wp-content\/uploads\/2025\/10\/custom-printed-flip-flops-with-full-color-eva-flip-flop-bulk-3-600x600.webp 600w, https:\/\/www.mappershoe.com\/wp-content\/uploads\/2025\/10\/custom-printed-flip-flops-with-full-color-eva-flip-flop-bulk-3-100x100.webp 100w\" sizes=\"(max-width: 1000px) 100vw, 1000px\" \/><\/figure>\n<\/div>\n<\/div>\n\n\n\n<figure class=\"wp-block-gallery has-nested-images columns-4 is-cropped wp-block-gallery-1 is-layout-flex wp-block-gallery-is-layout-flex\">\n<figure class=\"wp-block-image size-large\"><img decoding=\"async\" width=\"790\" height=\"1167\" data-id=\"2000\" src=\"https:\/\/www.mappershoe.com\/wp-content\/uploads\/2025\/10\/custom-printed-flip-flops-with-full-color-eva-flip-flop-bulk-7.webp\" alt=\"tongs-imprim\u00e9es-personnalis\u00e9es-avec-couleur-eva-tongs-bulk-7\" class=\"wp-image-2000\" srcset=\"https:\/\/www.mappershoe.com\/wp-content\/uploads\/2025\/10\/custom-printed-flip-flops-with-full-color-eva-flip-flop-bulk-7.webp 790w, https:\/\/www.mappershoe.com\/wp-content\/uploads\/2025\/10\/custom-printed-flip-flops-with-full-color-eva-flip-flop-bulk-7-203x300.webp 203w, https:\/\/www.mappershoe.com\/wp-content\/uploads\/2025\/10\/custom-printed-flip-flops-with-full-color-eva-flip-flop-bulk-7-768x1135.webp 768w, https:\/\/www.mappershoe.com\/wp-content\/uploads\/2025\/10\/custom-printed-flip-flops-with-full-color-eva-flip-flop-bulk-7-8x12.webp 8w, https:\/\/www.mappershoe.com\/wp-content\/uploads\/2025\/10\/custom-printed-flip-flops-with-full-color-eva-flip-flop-bulk-7-600x886.webp 600w\" sizes=\"(max-width: 790px) 100vw, 790px\" \/><\/figure>\n\n\n\n<figure class=\"wp-block-image size-large\"><img decoding=\"async\" width=\"790\" height=\"1389\" data-id=\"2001\" src=\"https:\/\/www.mappershoe.com\/wp-content\/uploads\/2025\/10\/custom-printed-flip-flops-with-full-color-eva-flip-flop-bulk-8.webp\" alt=\"tongs-imprim\u00e9es-personnalis\u00e9es-avec-couleur-eva-tongs-bulk-8\" class=\"wp-image-2001\" srcset=\"https:\/\/www.mappershoe.com\/wp-content\/uploads\/2025\/10\/custom-printed-flip-flops-with-full-color-eva-flip-flop-bulk-8.webp 790w, https:\/\/www.mappershoe.com\/wp-content\/uploads\/2025\/10\/custom-printed-flip-flops-with-full-color-eva-flip-flop-bulk-8-171x300.webp 171w, https:\/\/www.mappershoe.com\/wp-content\/uploads\/2025\/10\/custom-printed-flip-flops-with-full-color-eva-flip-flop-bulk-8-768x1350.webp 768w, https:\/\/www.mappershoe.com\/wp-content\/uploads\/2025\/10\/custom-printed-flip-flops-with-full-color-eva-flip-flop-bulk-8-7x12.webp 7w, https:\/\/www.mappershoe.com\/wp-content\/uploads\/2025\/10\/custom-printed-flip-flops-with-full-color-eva-flip-flop-bulk-8-600x1055.webp 600w\" sizes=\"(max-width: 790px) 100vw, 790px\" \/><\/figure>\n\n\n\n<figure class=\"wp-block-image size-large\"><img decoding=\"async\" width=\"790\" height=\"1057\" data-id=\"2003\" src=\"https:\/\/www.mappershoe.com\/wp-content\/uploads\/2025\/10\/custom-printed-flip-flops-with-full-color-eva-flip-flop-bulk-10.webp\" alt=\"tongs-imprim\u00e9es-avec-couleur-eva-tongs-bulk-10\" class=\"wp-image-2003\" srcset=\"https:\/\/www.mappershoe.com\/wp-content\/uploads\/2025\/10\/custom-printed-flip-flops-with-full-color-eva-flip-flop-bulk-10.webp 790w, https:\/\/www.mappershoe.com\/wp-content\/uploads\/2025\/10\/custom-printed-flip-flops-with-full-color-eva-flip-flop-bulk-10-224x300.webp 224w, https:\/\/www.mappershoe.com\/wp-content\/uploads\/2025\/10\/custom-printed-flip-flops-with-full-color-eva-flip-flop-bulk-10-768x1028.webp 768w, https:\/\/www.mappershoe.com\/wp-content\/uploads\/2025\/10\/custom-printed-flip-flops-with-full-color-eva-flip-flop-bulk-10-9x12.webp 9w, https:\/\/www.mappershoe.com\/wp-content\/uploads\/2025\/10\/custom-printed-flip-flops-with-full-color-eva-flip-flop-bulk-10-600x803.webp 600w\" sizes=\"(max-width: 790px) 100vw, 790px\" \/><\/figure>\n\n\n\n<figure class=\"wp-block-image size-large\"><img decoding=\"async\" width=\"790\" height=\"1212\" data-id=\"2004\" src=\"https:\/\/www.mappershoe.com\/wp-content\/uploads\/2025\/10\/custom-printed-flip-flops-with-full-color-eva-flip-flop-bulk-11.webp\" alt=\"tongs-imprim\u00e9es-avec-couleur-eva-tongs-bulk-11\" class=\"wp-image-2004\" srcset=\"https:\/\/www.mappershoe.com\/wp-content\/uploads\/2025\/10\/custom-printed-flip-flops-with-full-color-eva-flip-flop-bulk-11.webp 790w, https:\/\/www.mappershoe.com\/wp-content\/uploads\/2025\/10\/custom-printed-flip-flops-with-full-color-eva-flip-flop-bulk-11-196x300.webp 196w, https:\/\/www.mappershoe.com\/wp-content\/uploads\/2025\/10\/custom-printed-flip-flops-with-full-color-eva-flip-flop-bulk-11-768x1178.webp 768w, https:\/\/www.mappershoe.com\/wp-content\/uploads\/2025\/10\/custom-printed-flip-flops-with-full-color-eva-flip-flop-bulk-11-8x12.webp 8w, https:\/\/www.mappershoe.com\/wp-content\/uploads\/2025\/10\/custom-printed-flip-flops-with-full-color-eva-flip-flop-bulk-11-600x921.webp 600w\" sizes=\"(max-width: 790px) 100vw, 790px\" \/><\/figure>\n<\/figure>","protected":false},"excerpt":{"rendered":"<p>Les tongs imprim\u00e9es personnalis\u00e9es sont fabriqu\u00e9es dans un mat\u00e9riau EVA l\u00e9ger et souple, dot\u00e9 d'une excellente \u00e9lasticit\u00e9 et de propri\u00e9t\u00e9s antid\u00e9rapantes. Elles sont imprim\u00e9es par transfert thermique sur le dessus, ce qui permet de r\u00e9aliser des graphiques personnalis\u00e9s sur toute la largeur et d'assurer la long\u00e9vit\u00e9 des couleurs. Que vous cr\u00e9iez une promotion de marque, un cadeau d'entreprise, une escapade \u00e0 la plage ou un programme personnalis\u00e9 de vente au d\u00e9tail, votre marque ajoutera une valeur amusante et innovante avec cette tong imprim\u00e9e en EVA.<\/p>\n<h2>Tongs imprim\u00e9es sur mesure Sp\u00e9cifications :<\/h2>\n<table width=\"448\">\n<tbody>\n<tr>\n<td width=\"168\">Fabricant :<\/td>\n<td width=\"280\">Mingyi<\/td>\n<\/tr>\n<tr>\n<td>Style :<\/td>\n<td>Tongs<\/td>\n<\/tr>\n<tr>\n<td>Mod\u00e8le :<\/td>\n<td>1917<\/td>\n<\/tr>\n<tr>\n<td>Mat\u00e9riau :\u00a0<\/td>\n<td>EVA<\/td>\n<\/tr>\n<tr>\n<td>Couleur :\u00a0<\/td>\n<td width=\"280\">Sur mesure<\/td>\n<\/tr>\n<tr>\n<td>Taille :\u00a0<\/td>\n<td width=\"280\">Sur mesure<\/td>\n<\/tr>\n<tr>\n<td>Options de personnalisation :\u00a0<\/td>\n<td>Logo (dessus, c\u00f4t\u00e9, semelle int\u00e9rieure) \/ Impression int\u00e9grale \/ Couleur \/ Mati\u00e8re \/ \u00c9paisseur de la semelle \/ Dessus<\/td>\n<\/tr>\n<tr>\n<td>Emballage :\u00a0<\/td>\n<td>Emballage personnalis\u00e9<\/td>\n<\/tr>\n<tr>\n<td>Exemple\uff1a<\/td>\n<td>\u00c9chantillons vierges gratuits<\/td>\n<\/tr>\n<\/tbody>\n<\/table>","protected":false},"featured_media":1994,"comment_status":"closed","ping_status":"closed","template":"","meta":{"_acf_changed":false},"product_brand":[],"product_cat":[17],"product_tag":[25,26],"class_list":{"0":"post-1993","1":"product","2":"type-product","3":"status-publish","4":"has-post-thumbnail","6":"product_cat-wholesale-flip-flops","7":"product_tag-eva-slippers-wholesale","8":"product_tag-mens-slippers-wholesale","10":"first","11":"instock","12":"shipping-taxable","13":"product-type-simple"},"acf":[],"_links":{"self":[{"href":"https:\/\/www.mappershoe.com\/fr\/wp-json\/wp\/v2\/product\/1993","targetHints":{"allow":["GET"]}}],"collection":[{"href":"https:\/\/www.mappershoe.com\/fr\/wp-json\/wp\/v2\/product"}],"about":[{"href":"https:\/\/www.mappershoe.com\/fr\/wp-json\/wp\/v2\/types\/product"}],"replies":[{"embeddable":true,"href":"https:\/\/www.mappershoe.com\/fr\/wp-json\/wp\/v2\/comments?post=1993"}],"wp:featuredmedia":[{"embeddable":true,"href":"https:\/\/www.mappershoe.com\/fr\/wp-json\/wp\/v2\/media\/1994"}],"wp:attachment":[{"href":"https:\/\/www.mappershoe.com\/fr\/wp-json\/wp\/v2\/media?parent=1993"}],"wp:term":[{"taxonomy":"product_brand","embeddable":true,"href":"https:\/\/www.mappershoe.com\/fr\/wp-json\/wp\/v2\/product_brand?post=1993"},{"taxonomy":"product_cat","embeddable":true,"href":"https:\/\/www.mappershoe.com\/fr\/wp-json\/wp\/v2\/product_cat?post=1993"},{"taxonomy":"product_tag","embeddable":true,"href":"https:\/\/www.mappershoe.com\/fr\/wp-json\/wp\/v2\/product_tag?post=1993"}],"curies":[{"name":"wp","href":"https:\/\/api.w.org\/{rel}","templated":true}]}}