{"id":2007,"date":"2025-10-20T06:36:19","date_gmt":"2025-10-20T06:36:19","guid":{"rendered":"https:\/\/www.mappershoe.com\/?post_type=product&#038;p=2007"},"modified":"2025-10-25T02:31:16","modified_gmt":"2025-10-25T02:31:16","slug":"custom-flip-flop-soles","status":"publish","type":"product","link":"https:\/\/www.mappershoe.com\/fr\/produit\/custom-flip-flop-soles\/","title":{"rendered":"Semelles de tongs personnalis\u00e9es en vrac, semelles de pantoufles en EVA"},"content":{"rendered":"<div class=\"wp-block-columns is-layout-flex wp-container-core-columns-is-layout-9d6595d7 wp-block-columns-is-layout-flex\">\n<div class=\"wp-block-column is-layout-flow wp-block-column-is-layout-flow\">\n<h3 class=\"wp-block-heading\">Semelles de tongs personnalis\u00e9es Premium Caract\u00e9ristiques :<\/h3>\n\n\n\n<p><strong>Mat\u00e9riau EVA de haute qualit\u00e9 : <\/strong>Fabriqu\u00e9es en EVA haute densit\u00e9, ces semelles de tongs personnalis\u00e9es sont souples et l\u00e9g\u00e8res, antid\u00e9rapantes et r\u00e9sistantes \u00e0 l'abrasion, ce qui garantit leur confort et leur long\u00e9vit\u00e9.<\/p>\n\n\n\n<p><strong>Conception de la personnalisation :<\/strong> Des couleurs, \u00e9paisseurs et tailles personnalis\u00e9es peuvent \u00eatre propos\u00e9es, et il est possible de s\u00e9lectionner la couleur de la dentelle pour r\u00e9pondre aux sp\u00e9cifications OEM\/ODM.<\/p>\n\n\n\n<p><strong>Assemblage facile : <\/strong>Nos semelles de pantoufles Eva en vrac sont \u00e9quip\u00e9es de trous de fixation et d'un outil simple, les utilisateurs peuvent facilement installer les lacets eux-m\u00eames, ce qui les rend id\u00e9ales pour les projets de bricolage ou la production en petites s\u00e9ries.<\/p>\n\n\n\n<p><strong>Applications polyvalentes : <\/strong>Convient aux usines de tongs personnalis\u00e9es, \u00e0 la production de cadeaux promotionnels, aux cours de bricolage de tongs de plage ou au d\u00e9veloppement d'\u00e9chantillons de marque.<\/p>\n\n\n\n<p><strong>Disponible en plusieurs tailles et couleurs :<\/strong> Nous proposons plusieurs tailles de semelles pour les enfants, les hommes et les femmes, ainsi qu'une vari\u00e9t\u00e9 de couleurs populaires pour r\u00e9pondre aux besoins de conception des diff\u00e9rents march\u00e9s et marques.<\/p>\n\n\n\n<p><strong>Approvisionnement en vrac et livraison rapide :<\/strong> Approvisionnement direct de l'usine, prix comp\u00e9titifs pour les commandes en gros, et exp\u00e9dition mondiale disponible. Ces semelles de tongs personnalis\u00e9es sont parfaites pour les grossistes et les fabricants de pantoufles.<\/p>\n<\/div>\n\n\n\n<div class=\"wp-block-column is-layout-flow wp-block-column-is-layout-flow\">\n<figure class=\"wp-block-image size-full\"><img decoding=\"async\" width=\"1000\" height=\"1000\" src=\"https:\/\/www.mappershoe.com\/wp-content\/uploads\/2025\/10\/factory-supply-custom-flip-flop-soles-bulk-eva-slipper-sole-11.webp\" alt=\"factory-supply-custom-flip-flop-soles-bulk-eva-slipper-sole-11\" class=\"wp-image-2012\" srcset=\"https:\/\/www.mappershoe.com\/wp-content\/uploads\/2025\/10\/factory-supply-custom-flip-flop-soles-bulk-eva-slipper-sole-11.webp 1000w, https:\/\/www.mappershoe.com\/wp-content\/uploads\/2025\/10\/factory-supply-custom-flip-flop-soles-bulk-eva-slipper-sole-11-300x300.webp 300w, https:\/\/www.mappershoe.com\/wp-content\/uploads\/2025\/10\/factory-supply-custom-flip-flop-soles-bulk-eva-slipper-sole-11-150x150.webp 150w, https:\/\/www.mappershoe.com\/wp-content\/uploads\/2025\/10\/factory-supply-custom-flip-flop-soles-bulk-eva-slipper-sole-11-768x768.webp 768w, https:\/\/www.mappershoe.com\/wp-content\/uploads\/2025\/10\/factory-supply-custom-flip-flop-soles-bulk-eva-slipper-sole-11-12x12.webp 12w, https:\/\/www.mappershoe.com\/wp-content\/uploads\/2025\/10\/factory-supply-custom-flip-flop-soles-bulk-eva-slipper-sole-11-600x600.webp 600w, https:\/\/www.mappershoe.com\/wp-content\/uploads\/2025\/10\/factory-supply-custom-flip-flop-soles-bulk-eva-slipper-sole-11-100x100.webp 100w\" sizes=\"(max-width: 1000px) 100vw, 1000px\" \/><\/figure>\n<\/div>\n<\/div>\n\n\n\n<figure class=\"wp-block-gallery has-nested-images columns-default is-cropped wp-block-gallery-1 is-layout-flex wp-block-gallery-is-layout-flex\">\n<figure class=\"wp-block-image size-large\"><img decoding=\"async\" width=\"790\" height=\"1167\" data-id=\"2008\" src=\"https:\/\/www.mappershoe.com\/wp-content\/uploads\/2025\/10\/factory-supply-custom-flip-flop-soles-bulk-eva-slipper-sole-7.webp\" alt=\"factory-supply-custom-flip-flop-soles-bulk-eva-slipper-sole-7\" class=\"wp-image-2008\" srcset=\"https:\/\/www.mappershoe.com\/wp-content\/uploads\/2025\/10\/factory-supply-custom-flip-flop-soles-bulk-eva-slipper-sole-7.webp 790w, https:\/\/www.mappershoe.com\/wp-content\/uploads\/2025\/10\/factory-supply-custom-flip-flop-soles-bulk-eva-slipper-sole-7-203x300.webp 203w, https:\/\/www.mappershoe.com\/wp-content\/uploads\/2025\/10\/factory-supply-custom-flip-flop-soles-bulk-eva-slipper-sole-7-768x1135.webp 768w, https:\/\/www.mappershoe.com\/wp-content\/uploads\/2025\/10\/factory-supply-custom-flip-flop-soles-bulk-eva-slipper-sole-7-8x12.webp 8w, https:\/\/www.mappershoe.com\/wp-content\/uploads\/2025\/10\/factory-supply-custom-flip-flop-soles-bulk-eva-slipper-sole-7-600x886.webp 600w\" sizes=\"(max-width: 790px) 100vw, 790px\" \/><\/figure>\n\n\n\n<figure class=\"wp-block-image size-large\"><img decoding=\"async\" width=\"790\" height=\"1057\" data-id=\"2010\" src=\"https:\/\/www.mappershoe.com\/wp-content\/uploads\/2025\/10\/factory-supply-custom-flip-flop-soles-bulk-eva-slipper-sole-9.webp\" alt=\"factory-supply-custom-flip-flop-soles-bulk-eva-slipper-sole-9\" class=\"wp-image-2010\" srcset=\"https:\/\/www.mappershoe.com\/wp-content\/uploads\/2025\/10\/factory-supply-custom-flip-flop-soles-bulk-eva-slipper-sole-9.webp 790w, https:\/\/www.mappershoe.com\/wp-content\/uploads\/2025\/10\/factory-supply-custom-flip-flop-soles-bulk-eva-slipper-sole-9-224x300.webp 224w, https:\/\/www.mappershoe.com\/wp-content\/uploads\/2025\/10\/factory-supply-custom-flip-flop-soles-bulk-eva-slipper-sole-9-768x1028.webp 768w, https:\/\/www.mappershoe.com\/wp-content\/uploads\/2025\/10\/factory-supply-custom-flip-flop-soles-bulk-eva-slipper-sole-9-9x12.webp 9w, https:\/\/www.mappershoe.com\/wp-content\/uploads\/2025\/10\/factory-supply-custom-flip-flop-soles-bulk-eva-slipper-sole-9-600x803.webp 600w\" sizes=\"(max-width: 790px) 100vw, 790px\" \/><\/figure>\n\n\n\n<figure class=\"wp-block-image size-large\"><img decoding=\"async\" width=\"790\" height=\"1389\" data-id=\"2009\" src=\"https:\/\/www.mappershoe.com\/wp-content\/uploads\/2025\/10\/factory-supply-custom-flip-flop-soles-bulk-eva-slipper-sole-8.webp\" alt=\"factory-supply-custom-flip-flop-soles-bulk-eva-slipper-sole-8\" class=\"wp-image-2009\" srcset=\"https:\/\/www.mappershoe.com\/wp-content\/uploads\/2025\/10\/factory-supply-custom-flip-flop-soles-bulk-eva-slipper-sole-8.webp 790w, https:\/\/www.mappershoe.com\/wp-content\/uploads\/2025\/10\/factory-supply-custom-flip-flop-soles-bulk-eva-slipper-sole-8-171x300.webp 171w, https:\/\/www.mappershoe.com\/wp-content\/uploads\/2025\/10\/factory-supply-custom-flip-flop-soles-bulk-eva-slipper-sole-8-768x1350.webp 768w, https:\/\/www.mappershoe.com\/wp-content\/uploads\/2025\/10\/factory-supply-custom-flip-flop-soles-bulk-eva-slipper-sole-8-7x12.webp 7w, https:\/\/www.mappershoe.com\/wp-content\/uploads\/2025\/10\/factory-supply-custom-flip-flop-soles-bulk-eva-slipper-sole-8-600x1055.webp 600w\" sizes=\"(max-width: 790px) 100vw, 790px\" \/><\/figure>\n<\/figure>","protected":false},"excerpt":{"rendered":"<p>Nous vous invitons \u00e0 acheter ces semelles de tongs personnalis\u00e9es en EVA, les lani\u00e8res correspondantes et les outils d'installation, con\u00e7us pour la production de pantoufles en vrac. Ces semelles de tongs en EVA en vrac, robustes et souples, sont pr\u00e9-perfor\u00e9es pour faciliter l'assemblage. Elles sont antid\u00e9rapantes et confortables \u00e0 porter. Cet ensemble est id\u00e9al pour les fabricants de tongs OEM, les fabricants de pantoufles personnalis\u00e9es, les cadeaux promotionnels ou les tongs OEM. Il vous permet de cr\u00e9er vos propres tongs de marque avec une flexibilit\u00e9 de couleur et de taille r\u00e9glable.<\/p>\n<h2>Semelles de tongs personnalis\u00e9es Sp\u00e9cifications :<\/h2>\n<table width=\"448\">\n<tbody>\n<tr>\n<td width=\"168\">Fabricant :<\/td>\n<td width=\"280\">Mingyi<\/td>\n<\/tr>\n<tr>\n<td>Style :<\/td>\n<td>Pi\u00e8ces de rechange<\/td>\n<\/tr>\n<tr>\n<td>Mod\u00e8le :<\/td>\n<td>1918<\/td>\n<\/tr>\n<tr>\n<td>Mat\u00e9riau :\u00a0<\/td>\n<td>EVA<\/td>\n<\/tr>\n<tr>\n<td>Couleur :\u00a0<\/td>\n<td>Sur mesure<\/td>\n<\/tr>\n<tr>\n<td>Taille :\u00a0<\/td>\n<td width=\"280\">Sur mesure<\/td>\n<\/tr>\n<tr>\n<td>Options de personnalisation :\u00a0<\/td>\n<td>Logo (dessus, c\u00f4t\u00e9, semelle int\u00e9rieure) \/ Impression int\u00e9grale \/ Couleur \/ Mati\u00e8re \/ \u00c9paisseur de la semelle \/ Dessus<\/td>\n<\/tr>\n<tr>\n<td>Emballage :\u00a0<\/td>\n<td>Emballage personnalis\u00e9<\/td>\n<\/tr>\n<tr>\n<td>Exemple\uff1a<\/td>\n<td>\u00c9chantillons vierges gratuits<\/td>\n<\/tr>\n<\/tbody>\n<\/table>","protected":false},"featured_media":2011,"comment_status":"closed","ping_status":"closed","template":"","meta":{"_acf_changed":false},"product_brand":[],"product_cat":[16],"product_tag":[],"class_list":{"0":"post-2007","1":"product","2":"type-product","3":"status-publish","4":"has-post-thumbnail","6":"product_cat-wholesale-slipper-parts","8":"first","9":"instock","10":"shipping-taxable","11":"product-type-simple"},"acf":[],"_links":{"self":[{"href":"https:\/\/www.mappershoe.com\/fr\/wp-json\/wp\/v2\/product\/2007","targetHints":{"allow":["GET"]}}],"collection":[{"href":"https:\/\/www.mappershoe.com\/fr\/wp-json\/wp\/v2\/product"}],"about":[{"href":"https:\/\/www.mappershoe.com\/fr\/wp-json\/wp\/v2\/types\/product"}],"replies":[{"embeddable":true,"href":"https:\/\/www.mappershoe.com\/fr\/wp-json\/wp\/v2\/comments?post=2007"}],"wp:featuredmedia":[{"embeddable":true,"href":"https:\/\/www.mappershoe.com\/fr\/wp-json\/wp\/v2\/media\/2011"}],"wp:attachment":[{"href":"https:\/\/www.mappershoe.com\/fr\/wp-json\/wp\/v2\/media?parent=2007"}],"wp:term":[{"taxonomy":"product_brand","embeddable":true,"href":"https:\/\/www.mappershoe.com\/fr\/wp-json\/wp\/v2\/product_brand?post=2007"},{"taxonomy":"product_cat","embeddable":true,"href":"https:\/\/www.mappershoe.com\/fr\/wp-json\/wp\/v2\/product_cat?post=2007"},{"taxonomy":"product_tag","embeddable":true,"href":"https:\/\/www.mappershoe.com\/fr\/wp-json\/wp\/v2\/product_tag?post=2007"}],"curies":[{"name":"wp","href":"https:\/\/api.w.org\/{rel}","templated":true}]}}