{"id":2121,"date":"2026-01-03T08:25:58","date_gmt":"2026-01-03T08:25:58","guid":{"rendered":"https:\/\/www.mappershoe.com\/?post_type=product&#038;p=2121"},"modified":"2026-01-03T08:26:05","modified_gmt":"2026-01-03T08:26:05","slug":"crocs-wholesale","status":"publish","type":"product","link":"https:\/\/www.mappershoe.com\/fr\/produit\/crocs-wholesale\/","title":{"rendered":"Crocs classiques en gros en plusieurs couleurs, Sandales sabots EVA personnalis\u00e9es"},"content":{"rendered":"<div class=\"wp-block-columns is-layout-flex wp-container-core-columns-is-layout-9d6595d7 wp-block-columns-is-layout-flex\">\n<div class=\"wp-block-column is-layout-flow wp-block-column-is-layout-flow\">\n<h3 class=\"wp-block-heading\">Premium Crocs Wholesale Caract\u00e9ristiques :<\/h3>\n\n\n\n<p><strong>Mat\u00e9riau EVA de haute qualit\u00e9 :<\/strong> Ces crocs wholesale sont fabriqu\u00e9s en EVA \u00e0 haute \u00e9lasticit\u00e9, ils sont doux, l\u00e9gers, respectueux de l'environnement et inodores. Con\u00e7ues pour s'adapter \u00e0 la forme du pied, elles conviennent \u00e0 la station debout et \u00e0 la marche \u00e0 long terme.<\/p>\n\n\n\n<p><strong>Design ext\u00e9rieur en couleur unie :<\/strong> Ces sandales sabots eva personnalis\u00e9es pr\u00e9sentent des lignes douces et un design perfor\u00e9 respirant, offrant une sensation d\u00e9contract\u00e9e mais luxueuse.<\/p>\n\n\n\n<p><strong>Artisanat sur mesure :<\/strong> Ces sandales sabots eva personnalis\u00e9es offrent une vari\u00e9t\u00e9 de couleurs, de tailles. Possibilit\u00e9 de personnaliser les couleurs Pantone, de personnaliser rapidement le logo par s\u00e9rigraphie, gaufrage, broderie, etc. OEM\/ODM et livraison rapide pour les grandes quantit\u00e9s.<\/p>\n\n\n\n<p><strong>Capacit\u00e9 de l'usine :<\/strong> Les crocs factory-direct wholesale sont unisexes et parfaits pour toutes les activit\u00e9s des hommes et des femmes. Parfaites pour la plage, la maison, les voyages, l'ext\u00e9rieur ou tout autre endroit au soleil.<\/p>\n<\/div>\n\n\n\n<div class=\"wp-block-column is-layout-flow wp-block-column-is-layout-flow\">\n<figure class=\"wp-block-image size-full\"><img decoding=\"async\" width=\"2048\" height=\"2048\" src=\"https:\/\/www.mappershoe.com\/wp-content\/uploads\/2025\/12\/Wholesale-Crocs-shoes-Multiple-colors-classic-custom-EVA-sandals-for-men-women-children-4.webp\" alt=\"classic-crocs-wholesale-in-colors-custom-eva-clog-sandals-4\" class=\"wp-image-2122\" srcset=\"https:\/\/www.mappershoe.com\/wp-content\/uploads\/2025\/12\/Wholesale-Crocs-shoes-Multiple-colors-classic-custom-EVA-sandals-for-men-women-children-4.webp 2048w, https:\/\/www.mappershoe.com\/wp-content\/uploads\/2025\/12\/Wholesale-Crocs-shoes-Multiple-colors-classic-custom-EVA-sandals-for-men-women-children-4-300x300.webp 300w, https:\/\/www.mappershoe.com\/wp-content\/uploads\/2025\/12\/Wholesale-Crocs-shoes-Multiple-colors-classic-custom-EVA-sandals-for-men-women-children-4-150x150.webp 150w, https:\/\/www.mappershoe.com\/wp-content\/uploads\/2025\/12\/Wholesale-Crocs-shoes-Multiple-colors-classic-custom-EVA-sandals-for-men-women-children-4-768x768.webp 768w, https:\/\/www.mappershoe.com\/wp-content\/uploads\/2025\/12\/Wholesale-Crocs-shoes-Multiple-colors-classic-custom-EVA-sandals-for-men-women-children-4-12x12.webp 12w, https:\/\/www.mappershoe.com\/wp-content\/uploads\/2025\/12\/Wholesale-Crocs-shoes-Multiple-colors-classic-custom-EVA-sandals-for-men-women-children-4-1200x1200.webp 1200w, https:\/\/www.mappershoe.com\/wp-content\/uploads\/2025\/12\/Wholesale-Crocs-shoes-Multiple-colors-classic-custom-EVA-sandals-for-men-women-children-4-600x600.webp 600w, https:\/\/www.mappershoe.com\/wp-content\/uploads\/2025\/12\/Wholesale-Crocs-shoes-Multiple-colors-classic-custom-EVA-sandals-for-men-women-children-4-100x100.webp 100w\" sizes=\"(max-width: 2048px) 100vw, 2048px\" \/><\/figure>\n<\/div>\n<\/div>\n\n\n\n<p><\/p>","protected":false},"excerpt":{"rendered":"<p>Bienvenue \u00e0 l'achat de nos crocs en gros, adapt\u00e9s \u00e0 la plage, \u00e0 la piscine, \u00e0 l'ext\u00e9rieur et \u00e0 d'autres environnements humides. Nos sabots personnalis\u00e9s sont fabriqu\u00e9s en mat\u00e9riau EVA \u00e0 haute \u00e9lasticit\u00e9, qui est l\u00e9ger, doux, r\u00e9sistant \u00e0 l'usure et confortable, et ont une conception poreuse et respirante sur le dessus pour assurer la fra\u00eecheur et la s\u00e9cheresse en \u00e9t\u00e9. Nous soutenons la flexibilit\u00e9 du service OEM\/ODM et aidons les marques \u00e0 \u00e9tendre leur march\u00e9.<\/p>\n<h2>Crocs Wholesale Sp\u00e9cifications :<\/h2>\n<table width=\"777\">\n<tbody>\n<tr>\n<td width=\"291\">Fabricant :<\/td>\n<td width=\"486\">Mingyi<\/td>\n<\/tr>\n<tr>\n<td>Style :<\/td>\n<td>Chaussures Crocs<\/td>\n<\/tr>\n<tr>\n<td>Mod\u00e8le :<\/td>\n<td>101<\/td>\n<\/tr>\n<tr>\n<td>Mat\u00e9riau :\u00a0<\/td>\n<td>EVA<\/td>\n<\/tr>\n<tr>\n<td>Couleur :\u00a0<\/td>\n<td>noir, blanc, rouge, rose, orange, jaune, vert menthe, kaki, bleu, bleu fonc\u00e9, bleu brume, bleu clair, rouge rose, caf\u00e9<\/td>\n<\/tr>\n<tr>\n<td>Taille :\u00a0<\/td>\n<td>36-37, 38-39,40-41, 42-43,44-45<\/td>\n<\/tr>\n<tr>\n<td>Options de personnalisation :\u00a0<\/td>\n<td>Logo (dessus, c\u00f4t\u00e9, semelle int\u00e9rieure) \/ Impression int\u00e9grale \/ Couleur \/ Mati\u00e8re \/ \u00c9paisseur de la semelle \/ Dessus<\/td>\n<\/tr>\n<tr>\n<td>Emballage :\u00a0<\/td>\n<td>Emballage personnalis\u00e9<\/td>\n<\/tr>\n<tr>\n<td>Exemple\uff1a<\/td>\n<td>\u00c9chantillons vierges gratuits<\/td>\n<\/tr>\n<\/tbody>\n<\/table>","protected":false},"featured_media":2123,"comment_status":"closed","ping_status":"closed","template":"","meta":{"_acf_changed":false},"product_brand":[],"product_cat":[18],"product_tag":[25,26,27],"class_list":{"0":"post-2121","1":"product","2":"type-product","3":"status-publish","4":"has-post-thumbnail","6":"product_cat-wholesale-crocs-shoes","7":"product_tag-eva-slippers-wholesale","8":"product_tag-mens-slippers-wholesale","9":"product_tag-wholesale-womens-slippers","11":"first","12":"instock","13":"shipping-taxable","14":"product-type-simple"},"acf":[],"_links":{"self":[{"href":"https:\/\/www.mappershoe.com\/fr\/wp-json\/wp\/v2\/product\/2121","targetHints":{"allow":["GET"]}}],"collection":[{"href":"https:\/\/www.mappershoe.com\/fr\/wp-json\/wp\/v2\/product"}],"about":[{"href":"https:\/\/www.mappershoe.com\/fr\/wp-json\/wp\/v2\/types\/product"}],"replies":[{"embeddable":true,"href":"https:\/\/www.mappershoe.com\/fr\/wp-json\/wp\/v2\/comments?post=2121"}],"wp:featuredmedia":[{"embeddable":true,"href":"https:\/\/www.mappershoe.com\/fr\/wp-json\/wp\/v2\/media\/2123"}],"wp:attachment":[{"href":"https:\/\/www.mappershoe.com\/fr\/wp-json\/wp\/v2\/media?parent=2121"}],"wp:term":[{"taxonomy":"product_brand","embeddable":true,"href":"https:\/\/www.mappershoe.com\/fr\/wp-json\/wp\/v2\/product_brand?post=2121"},{"taxonomy":"product_cat","embeddable":true,"href":"https:\/\/www.mappershoe.com\/fr\/wp-json\/wp\/v2\/product_cat?post=2121"},{"taxonomy":"product_tag","embeddable":true,"href":"https:\/\/www.mappershoe.com\/fr\/wp-json\/wp\/v2\/product_tag?post=2121"}],"curies":[{"name":"wp","href":"https:\/\/api.w.org\/{rel}","templated":true}]}}