{"id":2168,"date":"2026-01-14T03:02:37","date_gmt":"2026-01-14T03:02:37","guid":{"rendered":"https:\/\/www.mappershoe.com\/?post_type=product&#038;p=2168"},"modified":"2026-01-14T03:05:45","modified_gmt":"2026-01-14T03:05:45","slug":"croc-style-shoes-wholesale","status":"publish","type":"product","link":"https:\/\/www.mappershoe.com\/fr\/produit\/croc-style-shoes-wholesale\/","title":{"rendered":"Chaussures de style croco en gros en tailles compl\u00e8tes, sabots en mousse Eva en vrac"},"content":{"rendered":"<div class=\"wp-block-columns is-layout-flex wp-container-core-columns-is-layout-9d6595d7 wp-block-columns-is-layout-flex\">\n<div class=\"wp-block-column is-layout-flow wp-block-column-is-layout-flow\">\n<h3 class=\"wp-block-heading\">Chaussures de style croco en gros Caract\u00e9ristiques :<\/h3>\n\n\n\n<p><strong>EVA Mat\u00e9riau monolithique :<\/strong> Ces chaussures de style croco sont fabriqu\u00e9es en EVA de haute qualit\u00e9 ; ces sabots sont l\u00e9gers, imperm\u00e9ables et r\u00e9sistants \u00e0 la d\u00e9formation. R\u00e9sistants aux odeurs pour un port frais m\u00eame en cas de transpiration des pieds. Lavables en machine - rincer \u00e0 l'eau et s\u00e9cher rapidement pour \u00e9viter les moisissures.<\/p>\n\n\n\n<p><strong>Personnalisation par le bricoleur :<\/strong> Ces chaussures de style croco sont personnalis\u00e9es en gros avec des breloques, des boucles et des accessoires interchangeables. Passez d'un style streetwear \u00e0 un style minimaliste, ou cr\u00e9ez des mod\u00e8les uniques - lib\u00e9rez votre cr\u00e9ativit\u00e9 sans dupliquer les looks.<\/p>\n\n\n\n<p><strong>Slip-On Commodit\u00e9 :<\/strong> Ces chaussures de style croco en gros s'enfilent sans effort et \u00e9liminent les lacets. La sangle de talon convertible permet de les porter comme des diapositives ou des sabots s\u00e9curis\u00e9s. Id\u00e9ales pour les trajets quotidiens, la conduite et l'utilisation sur plusieurs sc\u00e8nes.<\/p>\n\n\n\n<p><strong>Valeur directe \u00e0 l'usine :<\/strong> Nos sabots en mousse Eva personnalis\u00e9s sont vendus en gros \u00e0 des prix d'usine de $5\/paire (chaussures nues). \u00c9vitez les majorations des interm\u00e9diaires - les commandes en gros b\u00e9n\u00e9ficient de remises. Qualit\u00e9 garantie par contrat. Prend en charge les services pr\u00eats \u00e0 \u00eatre exp\u00e9di\u00e9s et personnalis\u00e9s.<\/p>\n\n\n\n<p><strong>Confort et adh\u00e9rence tout au long de la journ\u00e9e :<\/strong> Nos chaussures en gros de style croco avec une semelle \u00e9paisse offrent une \u00e9l\u00e9vation subtile de 3 \u00e0 5 cm avec un rembourrage en forme de nuage. La semelle antid\u00e9rapante assure la stabilit\u00e9 sur les surfaces humides ou huileuses. L'embout renforc\u00e9 prot\u00e8ge contre les chocs.<\/p>\n<\/div>\n\n\n\n<div class=\"wp-block-column is-layout-flow wp-block-column-is-layout-flow\">\n<figure class=\"wp-block-image size-full\"><img decoding=\"async\" width=\"790\" height=\"870\" src=\"https:\/\/www.mappershoe.com\/wp-content\/uploads\/2026\/01\/Children-Adult-Sizes-Best-Clogs-for-Men-Women-Custom-Eva-Foam-Sport-Croc-Wholesale-Factory-13.webp\" alt=\"croc-style-shoes-wholesale-in-full-size-eva-foam-clog-bulk-13\" class=\"wp-image-2206\" srcset=\"https:\/\/www.mappershoe.com\/wp-content\/uploads\/2026\/01\/Children-Adult-Sizes-Best-Clogs-for-Men-Women-Custom-Eva-Foam-Sport-Croc-Wholesale-Factory-13.webp 790w, https:\/\/www.mappershoe.com\/wp-content\/uploads\/2026\/01\/Children-Adult-Sizes-Best-Clogs-for-Men-Women-Custom-Eva-Foam-Sport-Croc-Wholesale-Factory-13-272x300.webp 272w, https:\/\/www.mappershoe.com\/wp-content\/uploads\/2026\/01\/Children-Adult-Sizes-Best-Clogs-for-Men-Women-Custom-Eva-Foam-Sport-Croc-Wholesale-Factory-13-768x846.webp 768w, https:\/\/www.mappershoe.com\/wp-content\/uploads\/2026\/01\/Children-Adult-Sizes-Best-Clogs-for-Men-Women-Custom-Eva-Foam-Sport-Croc-Wholesale-Factory-13-11x12.webp 11w, https:\/\/www.mappershoe.com\/wp-content\/uploads\/2026\/01\/Children-Adult-Sizes-Best-Clogs-for-Men-Women-Custom-Eva-Foam-Sport-Croc-Wholesale-Factory-13-600x661.webp 600w\" sizes=\"(max-width: 790px) 100vw, 790px\" \/><\/figure>\n\n\n\n<figure class=\"wp-block-image size-full\"><img decoding=\"async\" width=\"1000\" height=\"1000\" src=\"https:\/\/www.mappershoe.com\/wp-content\/uploads\/2026\/01\/Children-Adult-Sizes-Best-Clogs-for-Men-Women-Custom-Eva-Foam-Sport-Croc-Wholesale-Factory-2.webp\" alt=\"croc-style-shoes-wholesale-in-full-size-eva-foam-clog-bulk-2\" class=\"wp-image-2195\" srcset=\"https:\/\/www.mappershoe.com\/wp-content\/uploads\/2026\/01\/Children-Adult-Sizes-Best-Clogs-for-Men-Women-Custom-Eva-Foam-Sport-Croc-Wholesale-Factory-2.webp 1000w, https:\/\/www.mappershoe.com\/wp-content\/uploads\/2026\/01\/Children-Adult-Sizes-Best-Clogs-for-Men-Women-Custom-Eva-Foam-Sport-Croc-Wholesale-Factory-2-300x300.webp 300w, https:\/\/www.mappershoe.com\/wp-content\/uploads\/2026\/01\/Children-Adult-Sizes-Best-Clogs-for-Men-Women-Custom-Eva-Foam-Sport-Croc-Wholesale-Factory-2-150x150.webp 150w, https:\/\/www.mappershoe.com\/wp-content\/uploads\/2026\/01\/Children-Adult-Sizes-Best-Clogs-for-Men-Women-Custom-Eva-Foam-Sport-Croc-Wholesale-Factory-2-768x768.webp 768w, https:\/\/www.mappershoe.com\/wp-content\/uploads\/2026\/01\/Children-Adult-Sizes-Best-Clogs-for-Men-Women-Custom-Eva-Foam-Sport-Croc-Wholesale-Factory-2-12x12.webp 12w, https:\/\/www.mappershoe.com\/wp-content\/uploads\/2026\/01\/Children-Adult-Sizes-Best-Clogs-for-Men-Women-Custom-Eva-Foam-Sport-Croc-Wholesale-Factory-2-600x600.webp 600w, https:\/\/www.mappershoe.com\/wp-content\/uploads\/2026\/01\/Children-Adult-Sizes-Best-Clogs-for-Men-Women-Custom-Eva-Foam-Sport-Croc-Wholesale-Factory-2-100x100.webp 100w\" sizes=\"(max-width: 1000px) 100vw, 1000px\" \/><\/figure>\n<\/div>\n<\/div>","protected":false},"excerpt":{"rendered":"<p>Nous vous invitons \u00e0 acheter en gros nos chaussures de style croco, fabriqu\u00e9es en mousse EVA l\u00e9g\u00e8re, disponibles en tailles compl\u00e8tes pour les enfants et les adultes. Les commandes en gros de sabots en mousse EVA sont id\u00e9ales pour les marques, les grossistes et les d\u00e9taillants \u00e0 la recherche de sabots durables, imperm\u00e9ables et confortables pour hommes et femmes. En tant que grossiste de sabots de sport en mousse EVA, nous offrons des services OEM\/ODM, y compris la personnalisation de logos, de couleurs et d'accessoires, avec une production de masse stable et des prix d'usine comp\u00e9titifs.<\/p>\n<h2>Chaussures de style crocodile en gros Sp\u00e9cifications :<\/h2>\n<table width=\"777\">\n<tbody>\n<tr>\n<td width=\"291\">Fabricant :<\/td>\n<td width=\"486\">Mingyi<\/td>\n<\/tr>\n<tr>\n<td>Style :<\/td>\n<td>Chaussures Crocs<\/td>\n<\/tr>\n<tr>\n<td>Mod\u00e8le :<\/td>\n<td>113<\/td>\n<\/tr>\n<tr>\n<td>Mat\u00e9riau :\u00a0<\/td>\n<td>EVA<\/td>\n<\/tr>\n<tr>\n<td>Couleur :\u00a0<\/td>\n<td>noir, blanc, brun, gris<\/td>\n<\/tr>\n<tr>\n<td>Taille :\u00a0<\/td>\n<td>Taille enfant (taille US) : 9C, 10C, 11C, 12C, 13C, 1, 1.5, 2, 3, 3.5, 4,5<br \/>Taille adulte (taille US) : 6, 6.5, 7, 7.5, 8, 8.5, 9, 9.5, 10, 11<\/td>\n<\/tr>\n<tr>\n<td>Options de personnalisation :\u00a0<\/td>\n<td>Logo (dessus, c\u00f4t\u00e9, semelle int\u00e9rieure) \/ Impression int\u00e9grale \/ Couleur \/ Mati\u00e8re \/ \u00c9paisseur de la semelle \/ Dessus<\/td>\n<\/tr>\n<tr>\n<td>Emballage :\u00a0<\/td>\n<td>Emballage personnalis\u00e9<\/td>\n<\/tr>\n<tr>\n<td>Exemple\uff1a<\/td>\n<td>\u00c9chantillons vierges gratuits<\/td>\n<\/tr>\n<\/tbody>\n<\/table>\n<p>&nbsp;<\/p>","protected":false},"featured_media":2194,"comment_status":"closed","ping_status":"closed","template":"","meta":{"_acf_changed":false},"product_brand":[],"product_cat":[18],"product_tag":[25,28,26,27],"class_list":{"0":"post-2168","1":"product","2":"type-product","3":"status-publish","4":"has-post-thumbnail","6":"product_cat-wholesale-crocs-shoes","7":"product_tag-eva-slippers-wholesale","8":"product_tag-kids-slippers-wholesale","9":"product_tag-mens-slippers-wholesale","10":"product_tag-wholesale-womens-slippers","12":"first","13":"instock","14":"shipping-taxable","15":"product-type-simple"},"acf":[],"_links":{"self":[{"href":"https:\/\/www.mappershoe.com\/fr\/wp-json\/wp\/v2\/product\/2168","targetHints":{"allow":["GET"]}}],"collection":[{"href":"https:\/\/www.mappershoe.com\/fr\/wp-json\/wp\/v2\/product"}],"about":[{"href":"https:\/\/www.mappershoe.com\/fr\/wp-json\/wp\/v2\/types\/product"}],"replies":[{"embeddable":true,"href":"https:\/\/www.mappershoe.com\/fr\/wp-json\/wp\/v2\/comments?post=2168"}],"wp:featuredmedia":[{"embeddable":true,"href":"https:\/\/www.mappershoe.com\/fr\/wp-json\/wp\/v2\/media\/2194"}],"wp:attachment":[{"href":"https:\/\/www.mappershoe.com\/fr\/wp-json\/wp\/v2\/media?parent=2168"}],"wp:term":[{"taxonomy":"product_brand","embeddable":true,"href":"https:\/\/www.mappershoe.com\/fr\/wp-json\/wp\/v2\/product_brand?post=2168"},{"taxonomy":"product_cat","embeddable":true,"href":"https:\/\/www.mappershoe.com\/fr\/wp-json\/wp\/v2\/product_cat?post=2168"},{"taxonomy":"product_tag","embeddable":true,"href":"https:\/\/www.mappershoe.com\/fr\/wp-json\/wp\/v2\/product_tag?post=2168"}],"curies":[{"name":"wp","href":"https:\/\/api.w.org\/{rel}","templated":true}]}}