{"id":744,"date":"2025-04-21T10:10:28","date_gmt":"2025-04-21T10:10:28","guid":{"rendered":"https:\/\/www.mappershoe.com\/?post_type=product&#038;p=744"},"modified":"2026-03-25T09:13:39","modified_gmt":"2026-03-25T09:13:39","slug":"custom-house-slippers","status":"publish","type":"product","link":"https:\/\/www.mappershoe.com\/fr\/produit\/custom-house-slippers\/","title":{"rendered":"Chaussons de maison personnalis\u00e9s en vrac, faible MOQ, 14 couleurs disponibles"},"content":{"rendered":"<div class=\"wp-block-columns is-layout-flex wp-container-core-columns-is-layout-9d6595d7 wp-block-columns-is-layout-flex\">\n<div class=\"wp-block-column is-layout-flow wp-block-column-is-layout-flow\">\n<h3 class=\"wp-block-heading\">Pantoufles de maison personnalis\u00e9es de qualit\u00e9 sup\u00e9rieure Caract\u00e9ristiques :<\/h3>\n\n\n\n<p><strong>PVC de haute qualit\u00e9 Mat\u00e9riau :<\/strong> Nous utilisons des mat\u00e9riaux de haute qualit\u00e9 pour fabriquer nos pantoufles de maison personnalis\u00e9es. De l'empeigne en tissu pelucheux \u00e0 la semelle ext\u00e9rieure antid\u00e9rapante, vous \u00eates assur\u00e9 d'un produit durable.<\/p>\n\n\n\n<p><strong>Personnalisation :<\/strong> Ces pantoufles unisexes sont disponibles avec plusieurs (diff\u00e9rentes) options d'impression, telles que l'impression de logo, le gaufrage ou la broderie, et conviennent comme article de marque ou comme pi\u00e8ce d'identit\u00e9 personnelle pour plusieurs clients. Les mat\u00e9riaux de la tige et de la semelle ou les diff\u00e9rents styles peuvent \u00e9galement \u00eatre personnalis\u00e9s ind\u00e9pendamment.<\/p>\n\n\n\n<p><strong>Confortable et robuste :<\/strong> Nos pantoufles d'int\u00e9rieur personnalis\u00e9es s'adaptent \u00e0 la taille du pied du client, tandis que les semelles matelass\u00e9es et la conception ergonomique contribuent \u00e0 un port confortable au fil du temps.<\/p>\n\n\n\n<p><strong>Plusieurs options de couleurs :<\/strong> Nos pantoufles de maison personnalis\u00e9es sont disponibles en 14 couleurs diff\u00e9rentes pour r\u00e9pondre aux besoins des diff\u00e9rents march\u00e9s et marques.<\/p>\n\n\n\n<p><strong>Largement utilis\u00e9 : <\/strong>Ces pantoufles unisexes en vrac sont fabriqu\u00e9es dans un mat\u00e9riau imperm\u00e9able de haute qualit\u00e9. Elles sont l\u00e9g\u00e8res et confortables et conviennent \u00e0 la maison, \u00e0 l'h\u00f4tel, au spa, au club de loisirs et \u00e0 d'autres environnements int\u00e9rieurs.<\/p>\n<\/div>\n\n\n\n<div class=\"wp-block-column is-layout-flow wp-block-column-is-layout-flow\">\n<figure class=\"wp-block-image size-full\"><img decoding=\"async\" width=\"750\" height=\"750\" src=\"https:\/\/www.mappershoe.com\/wp-content\/uploads\/2025\/04\/custom-house-slippers-with-logo-bulk-unisex-slippers-indoor-14-color-17.webp\" alt=\"custom-house-slippers-with-logo-bulk-unisex -slippers-indoor-14-color-17\" class=\"wp-image-761\" srcset=\"https:\/\/www.mappershoe.com\/wp-content\/uploads\/2025\/04\/custom-house-slippers-with-logo-bulk-unisex-slippers-indoor-14-color-17.webp 750w, https:\/\/www.mappershoe.com\/wp-content\/uploads\/2025\/04\/custom-house-slippers-with-logo-bulk-unisex-slippers-indoor-14-color-17-300x300.webp 300w, https:\/\/www.mappershoe.com\/wp-content\/uploads\/2025\/04\/custom-house-slippers-with-logo-bulk-unisex-slippers-indoor-14-color-17-150x150.webp 150w, https:\/\/www.mappershoe.com\/wp-content\/uploads\/2025\/04\/custom-house-slippers-with-logo-bulk-unisex-slippers-indoor-14-color-17-600x600.webp 600w, https:\/\/www.mappershoe.com\/wp-content\/uploads\/2025\/04\/custom-house-slippers-with-logo-bulk-unisex-slippers-indoor-14-color-17-100x100.webp 100w\" sizes=\"(max-width: 750px) 100vw, 750px\" \/><\/figure>\n<\/div>\n<\/div>","protected":false},"excerpt":{"rendered":"<p>Nos pantoufles unisexes en vrac sont fabriqu\u00e9es en PVC de haute qualit\u00e9, super l\u00e9g\u00e8res, imperm\u00e9ables et antid\u00e9rapantes. La personnalisation du LOGO est possible et convient \u00e0 la promotion de la marque, aux h\u00f4tels, aux SPA et \u00e0 de nombreux autres sc\u00e9narios. 14 couleurs sont disponibles, confortables et durables, pour r\u00e9pondre \u00e0 la demande du march\u00e9 et aider \u00e0 la promotion de la marque !<\/p>\n<h2>Pantoufles de maison sur mesure Sp\u00e9cifications :<\/h2>\n<table width=\"777\">\n<tbody>\n<tr>\n<td width=\"291\">Fabricant :<\/td>\n<td width=\"486\">Mingyi<\/td>\n<\/tr>\n<tr>\n<td>Style :<\/td>\n<td>Pantoufles<\/td>\n<\/tr>\n<tr>\n<td>Mod\u00e8le :<\/td>\n<td>2292<\/td>\n<\/tr>\n<tr>\n<td>Mat\u00e9riau :<\/td>\n<td>PVC<\/td>\n<\/tr>\n<tr>\n<td>Couleur :<\/td>\n<td>noir, blanc, rouge, rose, orange et 14 autres couleurs.<\/td>\n<\/tr>\n<tr>\n<td>Taille :<\/td>\n<td width=\"486\">Taille US 6\u30016.5 \u30017 \u30017.5 \u30018\u30018.5\u30019\u30019.5\u300110-14<\/td>\n<\/tr>\n<tr>\n<td>Options de personnalisation :<\/td>\n<td width=\"486\">Logo (dessus, c\u00f4t\u00e9, semelle int\u00e9rieure) \/ Impression int\u00e9grale \/ Couleur \/ Mati\u00e8re \/ \u00c9paisseur de la semelle \/ Dessus<\/td>\n<\/tr>\n<tr>\n<td>Emballage :<\/td>\n<td>Emballage personnalis\u00e9<\/td>\n<\/tr>\n<tr>\n<td>Exemple\uff1a<\/td>\n<td>\u00c9chantillons vierges gratuits<\/td>\n<\/tr>\n<\/tbody>\n<\/table>","protected":false},"featured_media":760,"comment_status":"closed","ping_status":"closed","template":"","meta":{"_acf_changed":false},"product_brand":[],"product_cat":[19],"product_tag":[26,24,27],"class_list":{"0":"post-744","1":"product","2":"type-product","3":"status-publish","4":"has-post-thumbnail","6":"product_cat-slippers-in-bulk","7":"product_tag-mens-slippers-wholesale","8":"product_tag-wholesale-pvc-slippers","9":"product_tag-wholesale-womens-slippers","11":"first","12":"instock","13":"shipping-taxable","14":"product-type-simple"},"acf":[],"_links":{"self":[{"href":"https:\/\/www.mappershoe.com\/fr\/wp-json\/wp\/v2\/product\/744","targetHints":{"allow":["GET"]}}],"collection":[{"href":"https:\/\/www.mappershoe.com\/fr\/wp-json\/wp\/v2\/product"}],"about":[{"href":"https:\/\/www.mappershoe.com\/fr\/wp-json\/wp\/v2\/types\/product"}],"replies":[{"embeddable":true,"href":"https:\/\/www.mappershoe.com\/fr\/wp-json\/wp\/v2\/comments?post=744"}],"wp:featuredmedia":[{"embeddable":true,"href":"https:\/\/www.mappershoe.com\/fr\/wp-json\/wp\/v2\/media\/760"}],"wp:attachment":[{"href":"https:\/\/www.mappershoe.com\/fr\/wp-json\/wp\/v2\/media?parent=744"}],"wp:term":[{"taxonomy":"product_brand","embeddable":true,"href":"https:\/\/www.mappershoe.com\/fr\/wp-json\/wp\/v2\/product_brand?post=744"},{"taxonomy":"product_cat","embeddable":true,"href":"https:\/\/www.mappershoe.com\/fr\/wp-json\/wp\/v2\/product_cat?post=744"},{"taxonomy":"product_tag","embeddable":true,"href":"https:\/\/www.mappershoe.com\/fr\/wp-json\/wp\/v2\/product_tag?post=744"}],"curies":[{"name":"wp","href":"https:\/\/api.w.org\/{rel}","templated":true}]}}