{"id":842,"date":"2025-04-25T02:06:02","date_gmt":"2025-04-25T02:06:02","guid":{"rendered":"https:\/\/www.mappershoe.com\/?post_type=product&#038;p=842"},"modified":"2025-10-27T08:03:10","modified_gmt":"2025-10-27T08:03:10","slug":"bulk-flip-flops","status":"publish","type":"product","link":"https:\/\/www.mappershoe.com\/fr\/produit\/bulk-flip-flops\/","title":{"rendered":"Tongs en vrac \u00e0 la mode, pantoufles \u00e0 logo personnalis\u00e9, vente en gros"},"content":{"rendered":"<div class=\"wp-block-columns is-layout-flex wp-container-core-columns-is-layout-9d6595d7 wp-block-columns-is-layout-flex\">\n<div class=\"wp-block-column is-layout-flow wp-block-column-is-layout-flow\">\n<h3 class=\"wp-block-heading\">Tongs en vrac Premium Caract\u00e9ristiques :<\/h3>\n\n\n\n<p><strong>Design \u00e9l\u00e9gant :<\/strong> Ces tongs en vrac s'inspirent de la tendance populaire de l'apparence, avec une sensation \u00e0 la fois confortable et \u00e0 la mode.<\/p>\n\n\n\n<p><strong>Mat\u00e9riau PVC de haute qualit\u00e9 : <\/strong>Ces tongs en gros sont souples et durables, antid\u00e9rapantes et r\u00e9sistantes \u00e0 l'usure, pour un usage \u00e0 long terme.<\/p>\n\n\n\n<p><strong>Diverses couleurs disponibles : <\/strong>Nos pantoufles en PVC sont disponibles dans une grande vari\u00e9t\u00e9 de couleurs pour r\u00e9pondre aux go\u00fbts des diff\u00e9rents march\u00e9s et groupes de consommateurs.<\/p>\n\n\n\n<p><strong>Possibilit\u00e9 de personnaliser le logo : <\/strong>Ces tongs en vrac peuvent \u00eatre personnalis\u00e9es avec un logo sp\u00e9cial selon les besoins de la marque afin de garantir une m\u00e9morisation maximale de la marque.<\/p>\n\n\n\n<p><strong>Application multi-sc\u00e9narios : <\/strong>Nos pantoufles en PVC sont adapt\u00e9es \u00e0 la plage, \u00e0 la maison, \u00e0 la salle de bain de l'h\u00f4tel et \u00e0 d'autres applications.<\/p>\n<\/div>\n\n\n\n<div class=\"wp-block-column is-layout-flow wp-block-column-is-layout-flow\">\n<figure class=\"wp-block-image size-full\"><img decoding=\"async\" width=\"800\" height=\"610\" src=\"https:\/\/www.mappershoe.com\/wp-content\/uploads\/2025\/04\/bulk-flip-flops-wholesale-pvc-slippers-with-logo-custom-10.webp\" alt=\"bulk-flip-flops-wholesale-pvc-slippers-with-logo-custom-10\" class=\"wp-image-852\" srcset=\"https:\/\/www.mappershoe.com\/wp-content\/uploads\/2025\/04\/bulk-flip-flops-wholesale-pvc-slippers-with-logo-custom-10.webp 800w, https:\/\/www.mappershoe.com\/wp-content\/uploads\/2025\/04\/bulk-flip-flops-wholesale-pvc-slippers-with-logo-custom-10-300x229.webp 300w, https:\/\/www.mappershoe.com\/wp-content\/uploads\/2025\/04\/bulk-flip-flops-wholesale-pvc-slippers-with-logo-custom-10-768x586.webp 768w, https:\/\/www.mappershoe.com\/wp-content\/uploads\/2025\/04\/bulk-flip-flops-wholesale-pvc-slippers-with-logo-custom-10-600x458.webp 600w\" sizes=\"(max-width: 800px) 100vw, 800px\" \/><\/figure>\n<\/div>\n<\/div>\n\n\n\n<p><\/p>","protected":false},"excerpt":{"rendered":"<p>Nous vous invitons \u00e0 acheter nos pantoufles en PVC en gros. Ces tongs en vrac \u00e0 la mode sont fabriqu\u00e9es dans un mat\u00e9riau antid\u00e9rapant de haute qualit\u00e9, sont douces et confortables, et sont disponibles dans de nombreuses couleurs pour r\u00e9pondre aux diff\u00e9rentes demandes du march\u00e9. Elles supportent des logos de marque personnalis\u00e9s, mettant en \u00e9vidence une reconnaissance exclusive. Elles sont largement utilis\u00e9es lors des sorties \u00e0 la plage, \u00e0 la maison, \u00e0 l'h\u00f4tel et dans d'autres contextes. Adapt\u00e9s aux achats en gros, ils constituent le choix id\u00e9al pour les marques afin d'\u00e9tendre le march\u00e9 et d'am\u00e9liorer la valeur.<\/p>\n<h2>Tongs en vrac Sp\u00e9cifications :<\/h2>\n<table width=\"777\">\n<tbody>\n<tr>\n<td width=\"291\">Fabricant :<\/td>\n<td width=\"486\">Mingyi<\/td>\n<\/tr>\n<tr>\n<td>Style :<\/td>\n<td>Tongs<\/td>\n<\/tr>\n<tr>\n<td>Mod\u00e8le :<\/td>\n<td>1915<\/td>\n<\/tr>\n<tr>\n<td>Mat\u00e9riau :\u00a0<\/td>\n<td>PVC<\/td>\n<\/tr>\n<tr>\n<td>Couleur :\u00a0<\/td>\n<td>noir, blanc, jaune, vert, violet et rose.<\/td>\n<\/tr>\n<tr>\n<td>Taille :\u00a0<\/td>\n<td>Taille US 6\u30016.5 \u30017 \u30017.5 \u30018\u30018.5\u30019\u30019.5\u300110-14<\/td>\n<\/tr>\n<tr>\n<td>Options de personnalisation :\u00a0<\/td>\n<td>Logo (dessus, c\u00f4t\u00e9, semelle int\u00e9rieure) \/ Impression int\u00e9grale \/ Couleur \/ Mati\u00e8re \/ \u00c9paisseur de la semelle \/ Dessus<\/td>\n<\/tr>\n<tr>\n<td>Emballage :\u00a0<\/td>\n<td>Emballage personnalis\u00e9<\/td>\n<\/tr>\n<tr>\n<td>Exemple\uff1a<\/td>\n<td>\u00c9chantillons vierges gratuits<\/td>\n<\/tr>\n<\/tbody>\n<\/table>","protected":false},"featured_media":844,"comment_status":"closed","ping_status":"closed","template":"","meta":{"_acf_changed":false},"product_brand":[],"product_cat":[17],"product_tag":[26,24,27],"class_list":{"0":"post-842","1":"product","2":"type-product","3":"status-publish","4":"has-post-thumbnail","6":"product_cat-wholesale-flip-flops","7":"product_tag-mens-slippers-wholesale","8":"product_tag-wholesale-pvc-slippers","9":"product_tag-wholesale-womens-slippers","11":"first","12":"instock","13":"shipping-taxable","14":"product-type-simple"},"acf":[],"_links":{"self":[{"href":"https:\/\/www.mappershoe.com\/fr\/wp-json\/wp\/v2\/product\/842","targetHints":{"allow":["GET"]}}],"collection":[{"href":"https:\/\/www.mappershoe.com\/fr\/wp-json\/wp\/v2\/product"}],"about":[{"href":"https:\/\/www.mappershoe.com\/fr\/wp-json\/wp\/v2\/types\/product"}],"replies":[{"embeddable":true,"href":"https:\/\/www.mappershoe.com\/fr\/wp-json\/wp\/v2\/comments?post=842"}],"wp:featuredmedia":[{"embeddable":true,"href":"https:\/\/www.mappershoe.com\/fr\/wp-json\/wp\/v2\/media\/844"}],"wp:attachment":[{"href":"https:\/\/www.mappershoe.com\/fr\/wp-json\/wp\/v2\/media?parent=842"}],"wp:term":[{"taxonomy":"product_brand","embeddable":true,"href":"https:\/\/www.mappershoe.com\/fr\/wp-json\/wp\/v2\/product_brand?post=842"},{"taxonomy":"product_cat","embeddable":true,"href":"https:\/\/www.mappershoe.com\/fr\/wp-json\/wp\/v2\/product_cat?post=842"},{"taxonomy":"product_tag","embeddable":true,"href":"https:\/\/www.mappershoe.com\/fr\/wp-json\/wp\/v2\/product_tag?post=842"}],"curies":[{"name":"wp","href":"https:\/\/api.w.org\/{rel}","templated":true}]}}