{"id":853,"date":"2025-04-25T02:37:46","date_gmt":"2025-04-25T02:37:46","guid":{"rendered":"https:\/\/www.mappershoe.com\/?post_type=product&#038;p=853"},"modified":"2025-10-27T07:56:55","modified_gmt":"2025-10-27T07:56:55","slug":"custom-flip-flops","status":"publish","type":"product","link":"https:\/\/www.mappershoe.com\/fr\/produit\/custom-flip-flops\/","title":{"rendered":"Tongs personnalis\u00e9es avec motif imprim\u00e9, sandales en PVC en vrac"},"content":{"rendered":"<div class=\"wp-block-columns is-layout-flex wp-container-core-columns-is-layout-9d6595d7 wp-block-columns-is-layout-flex\">\n<div class=\"wp-block-column is-layout-flow wp-block-column-is-layout-flow\">\n<h3 class=\"wp-block-heading\">Premium Custom Flip Flops Caract\u00e9ristiques :<\/h3>\n\n\n\n<p><strong>Conception personnalis\u00e9e enti\u00e8rement imprim\u00e9e : <\/strong>Ces tongs en gros sont dot\u00e9es d'une impression graphique sur toute la largeur de la tige, ce qui t\u00e9moigne du style visuel unique de la marque.<\/p>\n\n\n\n<p><strong>Flexibilit\u00e9 pour la vente en gros de gros volumes : <\/strong>Ces tongs en gros peuvent \u00eatre personnalis\u00e9es en grand volume selon les normes OEM\/ODM, ce qui convient \u00e0 une vari\u00e9t\u00e9 de sc\u00e9narios tels que les propri\u00e9taires de marques, les activit\u00e9s promotionnelles et les souvenirs de voyage.<\/p>\n\n\n\n<p><strong>Structure de la semelle confortable : <\/strong>Nos tongs personnalis\u00e9es sont dot\u00e9es de semelles ergonomiques, d'un rembourrage et d'une d\u00e9compression qui am\u00e9liorent le confort de port.<\/p>\n\n\n\n<p><strong>Plusieurs tailles et couleurs disponibles : <\/strong>Nos tongs personnalis\u00e9es couvrent les tailles adulte et enfant, et peuvent \u00eatre choisies dans une large gamme de couleurs pour des combinaisons de produits diversifi\u00e9es.<\/p>\n\n\n\n<p><strong>Mat\u00e9riau PVC de haute qualit\u00e9 : <\/strong>Ces tongs personnalis\u00e9es sont souples et durables, antid\u00e9rapantes et r\u00e9sistantes \u00e0 l'usure, pour une utilisation \u00e0 long terme.<\/p>\n<\/div>\n\n\n\n<div class=\"wp-block-column is-layout-flow wp-block-column-is-layout-flow\">\n<figure class=\"wp-block-image size-full\"><img decoding=\"async\" width=\"1600\" height=\"1600\" src=\"https:\/\/www.mappershoe.com\/wp-content\/uploads\/2025\/04\/custom-flip-flops-with-full-print-pattern-8.webp\" alt=\"tongs personnalis\u00e9es-avec-motif-impression-pleine-8\" class=\"wp-image-861\" srcset=\"https:\/\/www.mappershoe.com\/wp-content\/uploads\/2025\/04\/custom-flip-flops-with-full-print-pattern-8.webp 1600w, https:\/\/www.mappershoe.com\/wp-content\/uploads\/2025\/04\/custom-flip-flops-with-full-print-pattern-8-300x300.webp 300w, https:\/\/www.mappershoe.com\/wp-content\/uploads\/2025\/04\/custom-flip-flops-with-full-print-pattern-8-150x150.webp 150w, https:\/\/www.mappershoe.com\/wp-content\/uploads\/2025\/04\/custom-flip-flops-with-full-print-pattern-8-768x768.webp 768w, https:\/\/www.mappershoe.com\/wp-content\/uploads\/2025\/04\/custom-flip-flops-with-full-print-pattern-8-1200x1200.webp 1200w, https:\/\/www.mappershoe.com\/wp-content\/uploads\/2025\/04\/custom-flip-flops-with-full-print-pattern-8-600x600.webp 600w, https:\/\/www.mappershoe.com\/wp-content\/uploads\/2025\/04\/custom-flip-flops-with-full-print-pattern-8-100x100.webp 100w\" sizes=\"(max-width: 1600px) 100vw, 1600px\" \/><\/figure>\n<\/div>\n<\/div>\n\n\n\n<p><\/p>","protected":false},"excerpt":{"rendered":"<p>Commandez ces tongs en gros. Avec un bon \u00e9quilibre entre des chaussures durables et pr\u00eates \u00e0 l'emploi et un marquage important et audacieux, ces tongs personnalis\u00e9es \u00e0 motif enti\u00e8rement imprim\u00e9 sont synonymes de confort et d'usure durable. L'impression compl\u00e8te sur la surface permet de mettre en avant un design audacieux pour la promotion, la vente au d\u00e9tail et l'image de marque du centre de vill\u00e9giature. Avec des options OEM\/ODM flexibles, et dans de nombreuses tailles et couleurs, ces tongs en gros sont la d\u00e9cision parfaite pour la personnalisation en vrac.<\/p>\n<h2>Tongs personnalis\u00e9es Sp\u00e9cifications :<\/h2>\n<table width=\"777\">\n<tbody>\n<tr>\n<td width=\"291\">Fabricant :<\/td>\n<td width=\"486\">Mingyi<\/td>\n<\/tr>\n<tr>\n<td>Style :<\/td>\n<td>Tongs<\/td>\n<\/tr>\n<tr>\n<td>Mod\u00e8le :<\/td>\n<td>1915<\/td>\n<\/tr>\n<tr>\n<td>Mat\u00e9riau :\u00a0<\/td>\n<td>PVC<\/td>\n<\/tr>\n<tr>\n<td>Couleur :\u00a0<\/td>\n<td>noir, blanc, jaune, vert, violet et rose.<\/td>\n<\/tr>\n<tr>\n<td>Taille :\u00a0<\/td>\n<td>Taille US 6\u30016.5 \u30017 \u30017.5 \u30018\u30018.5\u30019\u30019.5\u300110-14<\/td>\n<\/tr>\n<tr>\n<td>Options de personnalisation :\u00a0<\/td>\n<td>Logo (dessus, c\u00f4t\u00e9, semelle int\u00e9rieure) \/ Impression int\u00e9grale \/ Couleur \/ Mati\u00e8re \/ \u00c9paisseur de la semelle \/ Dessus<\/td>\n<\/tr>\n<tr>\n<td>Emballage :\u00a0<\/td>\n<td>Emballage personnalis\u00e9<\/td>\n<\/tr>\n<tr>\n<td>Exemple\uff1a<\/td>\n<td>\u00c9chantillons vierges gratuits<\/td>\n<\/tr>\n<\/tbody>\n<\/table>","protected":false},"featured_media":856,"comment_status":"closed","ping_status":"closed","template":"","meta":{"_acf_changed":false},"product_brand":[],"product_cat":[17],"product_tag":[26,24,27],"class_list":{"0":"post-853","1":"product","2":"type-product","3":"status-publish","4":"has-post-thumbnail","6":"product_cat-wholesale-flip-flops","7":"product_tag-mens-slippers-wholesale","8":"product_tag-wholesale-pvc-slippers","9":"product_tag-wholesale-womens-slippers","11":"first","12":"instock","13":"shipping-taxable","14":"product-type-simple"},"acf":[],"_links":{"self":[{"href":"https:\/\/www.mappershoe.com\/fr\/wp-json\/wp\/v2\/product\/853","targetHints":{"allow":["GET"]}}],"collection":[{"href":"https:\/\/www.mappershoe.com\/fr\/wp-json\/wp\/v2\/product"}],"about":[{"href":"https:\/\/www.mappershoe.com\/fr\/wp-json\/wp\/v2\/types\/product"}],"replies":[{"embeddable":true,"href":"https:\/\/www.mappershoe.com\/fr\/wp-json\/wp\/v2\/comments?post=853"}],"wp:featuredmedia":[{"embeddable":true,"href":"https:\/\/www.mappershoe.com\/fr\/wp-json\/wp\/v2\/media\/856"}],"wp:attachment":[{"href":"https:\/\/www.mappershoe.com\/fr\/wp-json\/wp\/v2\/media?parent=853"}],"wp:term":[{"taxonomy":"product_brand","embeddable":true,"href":"https:\/\/www.mappershoe.com\/fr\/wp-json\/wp\/v2\/product_brand?post=853"},{"taxonomy":"product_cat","embeddable":true,"href":"https:\/\/www.mappershoe.com\/fr\/wp-json\/wp\/v2\/product_cat?post=853"},{"taxonomy":"product_tag","embeddable":true,"href":"https:\/\/www.mappershoe.com\/fr\/wp-json\/wp\/v2\/product_tag?post=853"}],"curies":[{"name":"wp","href":"https:\/\/api.w.org\/{rel}","templated":true}]}}