{"id":862,"date":"2025-04-25T03:31:38","date_gmt":"2025-04-25T03:31:38","guid":{"rendered":"https:\/\/www.mappershoe.com\/?post_type=product&#038;p=862"},"modified":"2026-03-25T09:20:40","modified_gmt":"2026-03-25T09:20:40","slug":"sandals-wholesale","status":"publish","type":"product","link":"https:\/\/www.mappershoe.com\/fr\/produit\/sandals-wholesale\/","title":{"rendered":"Sandales \u00e0 double boucle Wholesale, Custom Logo Sandals Supply"},"content":{"rendered":"<div class=\"wp-block-columns is-layout-flex wp-container-core-columns-is-layout-9d6595d7 wp-block-columns-is-layout-flex\">\n<div class=\"wp-block-column is-layout-flow wp-block-column-is-layout-flow\">\n<h3 class=\"wp-block-heading\">Premium Double Buckle Sandals Wholesale Features :<\/h3>\n\n\n\n<p><strong>Prise en charge du logo personnalis\u00e9 : <\/strong>Ces sandales \u00e0 double boucle en gros am\u00e9liorent la visibilit\u00e9 de la marque, conviennent aux promotions d'entreprise, \u00e0 l'image de marque des magasins, etc. Les mat\u00e9riaux du dessus et de la semelle ou les styles peuvent \u00eatre personnalis\u00e9s individuellement.<\/p>\n\n\n\n<p><strong>Diverses couleurs disponibles : <\/strong>Ces sandales \u00e0 double boucle sont disponibles en gros dans une vari\u00e9t\u00e9 de couleurs vives pour r\u00e9pondre aux besoins des diff\u00e9rents clients et march\u00e9s.<\/p>\n\n\n\n<p><strong>Design confortable : <\/strong>Nos sandales avec logo personnalis\u00e9 sont dot\u00e9es d'une semelle ergonomique et d'un mat\u00e9riau respirant, faciles \u00e0 porter sans contrainte.<\/p>\n\n\n\n<p><strong>Mat\u00e9riau durable : <\/strong>Ces sandales \u00e0 double boucle sont fabriqu\u00e9es en PVC de haute qualit\u00e9, de la tige souple \u00e0 la semelle antid\u00e9rapante, afin de garantir une longue dur\u00e9e de vie.<\/p>\n\n\n\n<p><strong>Disponibilit\u00e9 en gros : <\/strong>Nos sandales avec logo personnalis\u00e9 peuvent \u00eatre command\u00e9es en gros pour les d\u00e9taillants, les centres de vill\u00e9giature, les \u00e9v\u00e9nements promotionnels, etc.<\/p>\n<\/div>\n\n\n\n<div class=\"wp-block-column is-layout-flow wp-block-column-is-layout-flow\">\n<figure class=\"wp-block-image size-full\"><img decoding=\"async\" width=\"800\" height=\"800\" src=\"https:\/\/www.mappershoe.com\/wp-content\/uploads\/2025\/04\/sandals-wholesale-in-multiple-colors-custom-logo-sandals-6.webp\" alt=\"sandales-en-gros-en-multiples-couleurs-sandales-logo-personnalis\u00e9-6\" class=\"wp-image-868\" srcset=\"https:\/\/www.mappershoe.com\/wp-content\/uploads\/2025\/04\/sandals-wholesale-in-multiple-colors-custom-logo-sandals-6.webp 800w, https:\/\/www.mappershoe.com\/wp-content\/uploads\/2025\/04\/sandals-wholesale-in-multiple-colors-custom-logo-sandals-6-300x300.webp 300w, https:\/\/www.mappershoe.com\/wp-content\/uploads\/2025\/04\/sandals-wholesale-in-multiple-colors-custom-logo-sandals-6-150x150.webp 150w, https:\/\/www.mappershoe.com\/wp-content\/uploads\/2025\/04\/sandals-wholesale-in-multiple-colors-custom-logo-sandals-6-768x768.webp 768w, https:\/\/www.mappershoe.com\/wp-content\/uploads\/2025\/04\/sandals-wholesale-in-multiple-colors-custom-logo-sandals-6-600x600.webp 600w, https:\/\/www.mappershoe.com\/wp-content\/uploads\/2025\/04\/sandals-wholesale-in-multiple-colors-custom-logo-sandals-6-100x100.webp 100w\" sizes=\"(max-width: 800px) 100vw, 800px\" \/><\/figure>\n<\/div>\n<\/div>\n\n\n\n<p><\/p>","protected":false},"excerpt":{"rendered":"<p>Nous vous invitons \u00e0 acheter ces sandales en gros. Ces sandales avec logo personnalis\u00e9 allient confort et mode, offrant une large gamme de couleurs vives pour r\u00e9pondre aux besoins esth\u00e9tiques des diff\u00e9rents clients. Dot\u00e9es d'une semelle ergonomique et de mat\u00e9riaux en PVC de haute qualit\u00e9, elles offrent un confort tout au long de la journ\u00e9e. Elles sont largement utilis\u00e9es pour la promotion des marques, la vente au d\u00e9tail, l'h\u00f4tellerie et l'h\u00e9bergement, les cadeaux promotionnels et de nombreux autres sc\u00e9narios d'affaires, id\u00e9ales pour votre vente en gros !<\/p>\n<h2>Sp\u00e9cifications de la vente en gros de sandales :<\/h2>\n<table width=\"777\">\n<tbody>\n<tr>\n<td width=\"291\">Fabricant :<\/td>\n<td width=\"486\">Mingyi<\/td>\n<\/tr>\n<tr>\n<td>Style :<\/td>\n<td>Sandales<\/td>\n<\/tr>\n<tr>\n<td>Mod\u00e8le :<\/td>\n<td>2011<\/td>\n<\/tr>\n<tr>\n<td>Mat\u00e9riau :\u00a0<\/td>\n<td>PVC<\/td>\n<\/tr>\n<tr>\n<td>Couleur :\u00a0<\/td>\n<td>noir, blanc, rouge, vert, violet et bleu.<\/td>\n<\/tr>\n<tr>\n<td>Taille :\u00a0<\/td>\n<td>Taille US 6\u30016.5 \u30017 \u30017.5 \u30018\u30018.5\u30019\u30019.5\u300110-14<\/td>\n<\/tr>\n<tr>\n<td>Options de personnalisation :\u00a0<\/td>\n<td>Logo (dessus, c\u00f4t\u00e9, semelle int\u00e9rieure) \/ Impression int\u00e9grale \/ Couleur \/ Mati\u00e8re \/ \u00c9paisseur de la semelle \/ Dessus<\/td>\n<\/tr>\n<tr>\n<td>Emballage :\u00a0<\/td>\n<td>Emballage personnalis\u00e9<\/td>\n<\/tr>\n<tr>\n<td>Exemple\uff1a<\/td>\n<td>\u00c9chantillons vierges gratuits<\/td>\n<\/tr>\n<\/tbody>\n<\/table>","protected":false},"featured_media":864,"comment_status":"closed","ping_status":"closed","template":"","meta":{"_acf_changed":false},"product_brand":[],"product_cat":[20],"product_tag":[26,24,27],"class_list":{"0":"post-862","1":"product","2":"type-product","3":"status-publish","4":"has-post-thumbnail","6":"product_cat-wholesale-sandals","7":"product_tag-mens-slippers-wholesale","8":"product_tag-wholesale-pvc-slippers","9":"product_tag-wholesale-womens-slippers","11":"first","12":"instock","13":"shipping-taxable","14":"product-type-simple"},"acf":[],"_links":{"self":[{"href":"https:\/\/www.mappershoe.com\/fr\/wp-json\/wp\/v2\/product\/862","targetHints":{"allow":["GET"]}}],"collection":[{"href":"https:\/\/www.mappershoe.com\/fr\/wp-json\/wp\/v2\/product"}],"about":[{"href":"https:\/\/www.mappershoe.com\/fr\/wp-json\/wp\/v2\/types\/product"}],"replies":[{"embeddable":true,"href":"https:\/\/www.mappershoe.com\/fr\/wp-json\/wp\/v2\/comments?post=862"}],"wp:featuredmedia":[{"embeddable":true,"href":"https:\/\/www.mappershoe.com\/fr\/wp-json\/wp\/v2\/media\/864"}],"wp:attachment":[{"href":"https:\/\/www.mappershoe.com\/fr\/wp-json\/wp\/v2\/media?parent=862"}],"wp:term":[{"taxonomy":"product_brand","embeddable":true,"href":"https:\/\/www.mappershoe.com\/fr\/wp-json\/wp\/v2\/product_brand?post=862"},{"taxonomy":"product_cat","embeddable":true,"href":"https:\/\/www.mappershoe.com\/fr\/wp-json\/wp\/v2\/product_cat?post=862"},{"taxonomy":"product_tag","embeddable":true,"href":"https:\/\/www.mappershoe.com\/fr\/wp-json\/wp\/v2\/product_tag?post=862"}],"curies":[{"name":"wp","href":"https:\/\/api.w.org\/{rel}","templated":true}]}}