{"id":875,"date":"2025-04-25T07:05:08","date_gmt":"2025-04-25T07:05:08","guid":{"rendered":"https:\/\/www.mappershoe.com\/?post_type=product&#038;p=875"},"modified":"2026-03-25T09:35:57","modified_gmt":"2026-03-25T09:35:57","slug":"wholesale-cork-sandals","status":"publish","type":"product","link":"https:\/\/www.mappershoe.com\/fr\/produit\/wholesale-cork-sandals\/","title":{"rendered":"Sandales en li\u00e8ge avec dessus en cuir, OEM Birkenstocks"},"content":{"rendered":"<div class=\"wp-block-columns is-layout-flex wp-container-core-columns-is-layout-9d6595d7 wp-block-columns-is-layout-flex\">\n<div class=\"wp-block-column is-layout-flow wp-block-column-is-layout-flow\">\n<h3 class=\"wp-block-heading\">Sandales en li\u00e8ge Premium Wholesale Caract\u00e9ristiques :<\/h3>\n\n\n\n<p><strong>Semelle en li\u00e8ge naturel : <\/strong>Ces sandales Birkenstock en gros s'adaptent aux courbes du pied avec un soutien solide et un bon effet d'amortissement. Bon effet d'amortissement, plus confortable \u00e0 porter.<\/p>\n\n\n\n<p><strong>Double boucle : <\/strong>Nos sandales de li\u00e8ge en gros sont dot\u00e9es d'une double boucle m\u00e9tallique classique, d'une \u00e9lasticit\u00e9 r\u00e9glable et d'un aspect \u00e0 la fois mode et pratique.<\/p>\n\n\n\n<p><strong>Style r\u00e9tro europ\u00e9en : <\/strong>Nos sandales en li\u00e8ge en gros sont d'apparence simple et atmosph\u00e9rique, appr\u00e9ci\u00e9es par les march\u00e9s europ\u00e9ens et am\u00e9ricains, et conviennent \u00e0 toutes sortes de v\u00eatements d\u00e9contract\u00e9s.<\/p>\n\n\n\n<p><strong>Service de personnalisation en gros : <\/strong>Nos sandales en li\u00e8ge en gros offrent un soutien \u00e0 la personnalisation de gros volumes, applicables aux marques de d\u00e9tail, aux supermarch\u00e9s, aux centres de vill\u00e9giature et \u00e0 d'autres canaux.<\/p>\n\n\n\n<p><strong>Conception ergonomique : <\/strong>Ces sandales birkenstock sont construites en fonction de la structure du pied, avec un soutien de la vo\u00fbte plantaire, des rainures au niveau du talon et des zones d'adh\u00e9rence au niveau des orteils pour une d\u00e9marche plus naturelle.<\/p>\n<\/div>\n\n\n\n<div class=\"wp-block-column is-layout-flow wp-block-column-is-layout-flow\">\n<figure class=\"wp-block-image size-full\"><img decoding=\"async\" width=\"800\" height=\"800\" src=\"https:\/\/www.mappershoe.com\/wp-content\/uploads\/2025\/04\/wholesale-cork-sandals-with-leather-upper-6.webp\" alt=\"sandales de li\u00e8ge en gros avec empeigne en cuir-6\" class=\"wp-image-882\" srcset=\"https:\/\/www.mappershoe.com\/wp-content\/uploads\/2025\/04\/wholesale-cork-sandals-with-leather-upper-6.webp 800w, https:\/\/www.mappershoe.com\/wp-content\/uploads\/2025\/04\/wholesale-cork-sandals-with-leather-upper-6-300x300.webp 300w, https:\/\/www.mappershoe.com\/wp-content\/uploads\/2025\/04\/wholesale-cork-sandals-with-leather-upper-6-150x150.webp 150w, https:\/\/www.mappershoe.com\/wp-content\/uploads\/2025\/04\/wholesale-cork-sandals-with-leather-upper-6-768x768.webp 768w, https:\/\/www.mappershoe.com\/wp-content\/uploads\/2025\/04\/wholesale-cork-sandals-with-leather-upper-6-600x600.webp 600w, https:\/\/www.mappershoe.com\/wp-content\/uploads\/2025\/04\/wholesale-cork-sandals-with-leather-upper-6-100x100.webp 100w\" sizes=\"(max-width: 800px) 100vw, 800px\" \/><\/figure>\n<\/div>\n<\/div>\n\n\n\n<p><\/p>","protected":false},"excerpt":{"rendered":"<p>Ces sandales en li\u00e8ge \u00e0 deux boucles sont dot\u00e9es d'un dessus en cuir de haute qualit\u00e9 et d'une grande texture, alliant un style europ\u00e9en traditionnel \u00e0 un confort fonctionnel. Qu'il s'agisse de personnalisation de marque, de rayons de vente au d\u00e9tail ou de fournitures d'h\u00f4tel de vacances, elles conviennent parfaitement \u00e0 une s\u00e9lection haut de gamme et pratique, et poss\u00e8dent de grandes capacit\u00e9s de personnalisation en gros et personnalis\u00e9e. Nous vous invitons \u00e0 passer commande !<\/p>\n<h2>Sandales en li\u00e8ge en gros Sp\u00e9cifications :<\/h2>\n<table width=\"777\">\n<tbody>\n<tr>\n<td width=\"291\">Fabricant :<\/td>\n<td width=\"486\">Mingyi<\/td>\n<\/tr>\n<tr>\n<td>Style :<\/td>\n<td>Sandales<\/td>\n<\/tr>\n<tr>\n<td>Mod\u00e8le :<\/td>\n<td>2011<\/td>\n<\/tr>\n<tr>\n<td>Mat\u00e9riau :\u00a0<\/td>\n<td>PVC + li\u00e8ge + cuir PU<\/td>\n<\/tr>\n<tr>\n<td>Couleur :\u00a0<\/td>\n<td>abricot, vert arm\u00e9e, noir, bleu, brun, bleu fonc\u00e9, vert, bleu clair, orange, blanc, rouge vin<\/td>\n<\/tr>\n<tr>\n<td>Taille :\u00a0<\/td>\n<td>Taille US 6\u30016.5 \u30017 \u30017.5 \u30018\u30018.5\u30019\u30019.5\u300110-14<\/td>\n<\/tr>\n<tr>\n<td>Options de personnalisation :\u00a0<\/td>\n<td>Logo (dessus, c\u00f4t\u00e9, semelle int\u00e9rieure) \/ Impression int\u00e9grale \/ Couleur \/ Mati\u00e8re \/ \u00c9paisseur de la semelle \/ Dessus<\/td>\n<\/tr>\n<tr>\n<td>Emballage :\u00a0<\/td>\n<td>Emballage personnalis\u00e9<\/td>\n<\/tr>\n<tr>\n<td>Exemple\uff1a<\/td>\n<td>\u00c9chantillons vierges gratuits<\/td>\n<\/tr>\n<\/tbody>\n<\/table>","protected":false},"featured_media":881,"comment_status":"closed","ping_status":"closed","template":"","meta":{"_acf_changed":false},"product_brand":[],"product_cat":[20],"product_tag":[26,27],"class_list":{"0":"post-875","1":"product","2":"type-product","3":"status-publish","4":"has-post-thumbnail","6":"product_cat-wholesale-sandals","7":"product_tag-mens-slippers-wholesale","8":"product_tag-wholesale-womens-slippers","10":"first","11":"instock","12":"shipping-taxable","13":"product-type-simple"},"acf":[],"_links":{"self":[{"href":"https:\/\/www.mappershoe.com\/fr\/wp-json\/wp\/v2\/product\/875","targetHints":{"allow":["GET"]}}],"collection":[{"href":"https:\/\/www.mappershoe.com\/fr\/wp-json\/wp\/v2\/product"}],"about":[{"href":"https:\/\/www.mappershoe.com\/fr\/wp-json\/wp\/v2\/types\/product"}],"replies":[{"embeddable":true,"href":"https:\/\/www.mappershoe.com\/fr\/wp-json\/wp\/v2\/comments?post=875"}],"wp:featuredmedia":[{"embeddable":true,"href":"https:\/\/www.mappershoe.com\/fr\/wp-json\/wp\/v2\/media\/881"}],"wp:attachment":[{"href":"https:\/\/www.mappershoe.com\/fr\/wp-json\/wp\/v2\/media?parent=875"}],"wp:term":[{"taxonomy":"product_brand","embeddable":true,"href":"https:\/\/www.mappershoe.com\/fr\/wp-json\/wp\/v2\/product_brand?post=875"},{"taxonomy":"product_cat","embeddable":true,"href":"https:\/\/www.mappershoe.com\/fr\/wp-json\/wp\/v2\/product_cat?post=875"},{"taxonomy":"product_tag","embeddable":true,"href":"https:\/\/www.mappershoe.com\/fr\/wp-json\/wp\/v2\/product_tag?post=875"}],"curies":[{"name":"wp","href":"https:\/\/api.w.org\/{rel}","templated":true}]}}