{"id":892,"date":"2025-04-26T06:49:28","date_gmt":"2025-04-26T06:49:28","guid":{"rendered":"https:\/\/www.mappershoe.com\/?post_type=product&#038;p=892"},"modified":"2025-10-27T07:39:52","modified_gmt":"2025-10-27T07:39:52","slug":"bulk-house-slippers","status":"publish","type":"product","link":"https:\/\/www.mappershoe.com\/fr\/produit\/bulk-house-slippers\/","title":{"rendered":"Bulk House Slippers Unisex, Lightweight EVA Slipper Supply"},"content":{"rendered":"<div class=\"wp-block-columns is-layout-flex wp-container-core-columns-is-layout-9d6595d7 wp-block-columns-is-layout-flex\">\n<div class=\"wp-block-column is-layout-flow wp-block-column-is-layout-flow\">\n<h3 class=\"wp-block-heading\">Chaussons de maison en vrac de qualit\u00e9 sup\u00e9rieure Caract\u00e9ristiques :<\/h3>\n\n\n\n<p><strong>L\u00e9ger et confortable : <\/strong>Ces pantoufles de maison en vrac sont fabriqu\u00e9es dans un mat\u00e9riau EVA tr\u00e8s \u00e9lastique ; la paire de pantoufles est l\u00e9g\u00e8re et non fatigante, adapt\u00e9e \u00e0 un port prolong\u00e9.<\/p>\n\n\n\n<p><strong>Style universel : <\/strong>Nos pantoufles Eva personnalis\u00e9es ont un design unisexe, elles conviennent aussi bien aux hommes qu'aux femmes et s'adaptent \u00e0 une grande vari\u00e9t\u00e9 de situations domestiques.<\/p>\n\n\n\n<p><strong>Service personnalisable : <\/strong>Ces pantoufles de maison en vrac peuvent \u00eatre personnalis\u00e9es en termes de couleur, de logo et de forme de chaussure afin de r\u00e9pondre aux besoins des marques et des clients en gros.<\/p>\n\n\n\n<p><strong>Semelles antid\u00e9rapantes : <\/strong>Ces pantoufles de maison en vrac sont con\u00e7ues avec une texture antid\u00e9rapante sur les semelles, ce qui est s\u00fbr et antid\u00e9rapant et convient \u00e0 tous les types de sols.<\/p>\n\n\n\n<p><strong>Approvisionnement en vrac : <\/strong>Notre capacit\u00e9 de production en vrac de pantoufles Eva personnalis\u00e9es est adapt\u00e9e \u00e0 l'achat \u00e0 long terme par les h\u00f4tels, les pensions, les chambres d'h\u00f4tes, les SPA et autres clients commerciaux.<\/p>\n<\/div>\n\n\n\n<div class=\"wp-block-column is-layout-flow wp-block-column-is-layout-flow\">\n<figure class=\"wp-block-image size-full\"><img decoding=\"async\" width=\"800\" height=\"800\" src=\"https:\/\/www.mappershoe.com\/wp-content\/uploads\/2025\/04\/bulk-house-slippers-unisex-soft-customized-eva-slipper-2.webp\" alt=\"bulk-house-slippers-unisex-soft-customized-eva-slipper-2\" class=\"wp-image-901\" srcset=\"https:\/\/www.mappershoe.com\/wp-content\/uploads\/2025\/04\/bulk-house-slippers-unisex-soft-customized-eva-slipper-2.webp 800w, https:\/\/www.mappershoe.com\/wp-content\/uploads\/2025\/04\/bulk-house-slippers-unisex-soft-customized-eva-slipper-2-300x300.webp 300w, https:\/\/www.mappershoe.com\/wp-content\/uploads\/2025\/04\/bulk-house-slippers-unisex-soft-customized-eva-slipper-2-150x150.webp 150w, https:\/\/www.mappershoe.com\/wp-content\/uploads\/2025\/04\/bulk-house-slippers-unisex-soft-customized-eva-slipper-2-768x768.webp 768w, https:\/\/www.mappershoe.com\/wp-content\/uploads\/2025\/04\/bulk-house-slippers-unisex-soft-customized-eva-slipper-2-600x600.webp 600w, https:\/\/www.mappershoe.com\/wp-content\/uploads\/2025\/04\/bulk-house-slippers-unisex-soft-customized-eva-slipper-2-100x100.webp 100w\" sizes=\"(max-width: 800px) 100vw, 800px\" \/><\/figure>\n<\/div>\n<\/div>\n\n\n\n<p><\/p>","protected":false},"excerpt":{"rendered":"<p>Nous vous invitons \u00e0 acheter nos pantoufles Eva personnalis\u00e9es. Ces pantoufles de maison en vrac sont con\u00e7ues avec un mat\u00e9riau EVA doux et l\u00e9ger, confortable et fonctionnel. Le look unisexe convient aux hommes et aux femmes, la forme classique et simple convient \u00e0 la maison. La base antid\u00e9rapante permet de marcher en toute s\u00e9curit\u00e9 et convient aux sols en bois, aux carrelages et \u00e0 d'autres surfaces. La prise en charge de la couleur, du logo, de la taille et d'autres aspects de la personnalisation en fait la solution id\u00e9ale pour les marques. Mingyi vous aide \u00e0 cr\u00e9er facilement votre marque de pantoufles.<\/p>\n<h2>Chaussons en vrac Sp\u00e9cifications :<\/h2>\n<table width=\"777\">\n<tbody>\n<tr>\n<td width=\"291\">Fabricant :<\/td>\n<td width=\"486\">Mingyi<\/td>\n<\/tr>\n<tr>\n<td>Style :<\/td>\n<td>Pantoufles<\/td>\n<\/tr>\n<tr>\n<td>Mod\u00e8le :<\/td>\n<td>289<\/td>\n<\/tr>\n<tr>\n<td>Mat\u00e9riau :\u00a0<\/td>\n<td>EVA<\/td>\n<\/tr>\n<tr>\n<td>Couleur :\u00a0<\/td>\n<td>noir, beige, orange, vert, gris, violet, rose<\/td>\n<\/tr>\n<tr>\n<td>Taille :\u00a0<\/td>\n<td>Taille US 6\u30016.5 \u30017 \u30017.5 \u30018\u30018.5\u30019\u30019.5\u300110-14<\/td>\n<\/tr>\n<tr>\n<td>Options de personnalisation :\u00a0<\/td>\n<td>Logo (dessus, c\u00f4t\u00e9, semelle int\u00e9rieure) \/ Impression int\u00e9grale \/ Couleur \/ Mati\u00e8re \/ \u00c9paisseur de la semelle \/ Dessus<\/td>\n<\/tr>\n<tr>\n<td>Emballage :\u00a0<\/td>\n<td>Emballage personnalis\u00e9<\/td>\n<\/tr>\n<tr>\n<td>Exemple\uff1a<\/td>\n<td>\u00c9chantillons vierges gratuits<\/td>\n<\/tr>\n<\/tbody>\n<\/table>","protected":false},"featured_media":900,"comment_status":"closed","ping_status":"closed","template":"","meta":{"_acf_changed":false},"product_brand":[],"product_cat":[19],"product_tag":[25,26,27],"class_list":{"0":"post-892","1":"product","2":"type-product","3":"status-publish","4":"has-post-thumbnail","6":"product_cat-slippers-in-bulk","7":"product_tag-eva-slippers-wholesale","8":"product_tag-mens-slippers-wholesale","9":"product_tag-wholesale-womens-slippers","11":"first","12":"instock","13":"shipping-taxable","14":"product-type-simple"},"acf":[],"_links":{"self":[{"href":"https:\/\/www.mappershoe.com\/fr\/wp-json\/wp\/v2\/product\/892","targetHints":{"allow":["GET"]}}],"collection":[{"href":"https:\/\/www.mappershoe.com\/fr\/wp-json\/wp\/v2\/product"}],"about":[{"href":"https:\/\/www.mappershoe.com\/fr\/wp-json\/wp\/v2\/types\/product"}],"replies":[{"embeddable":true,"href":"https:\/\/www.mappershoe.com\/fr\/wp-json\/wp\/v2\/comments?post=892"}],"wp:featuredmedia":[{"embeddable":true,"href":"https:\/\/www.mappershoe.com\/fr\/wp-json\/wp\/v2\/media\/900"}],"wp:attachment":[{"href":"https:\/\/www.mappershoe.com\/fr\/wp-json\/wp\/v2\/media?parent=892"}],"wp:term":[{"taxonomy":"product_brand","embeddable":true,"href":"https:\/\/www.mappershoe.com\/fr\/wp-json\/wp\/v2\/product_brand?post=892"},{"taxonomy":"product_cat","embeddable":true,"href":"https:\/\/www.mappershoe.com\/fr\/wp-json\/wp\/v2\/product_cat?post=892"},{"taxonomy":"product_tag","embeddable":true,"href":"https:\/\/www.mappershoe.com\/fr\/wp-json\/wp\/v2\/product_tag?post=892"}],"curies":[{"name":"wp","href":"https:\/\/api.w.org\/{rel}","templated":true}]}}