{"id":913,"date":"2025-04-26T09:52:32","date_gmt":"2025-04-26T09:52:32","guid":{"rendered":"https:\/\/www.mappershoe.com\/?post_type=product&#038;p=913"},"modified":"2026-03-25T09:49:52","modified_gmt":"2026-03-25T09:49:52","slug":"custom-logo-slippers","status":"publish","type":"product","link":"https:\/\/www.mappershoe.com\/fr\/produit\/custom-logo-slippers\/","title":{"rendered":"Pantoufles \u00e0 logo personnalis\u00e9 pour hommes, Pantoufles en PVC color\u00e9 en vrac"},"content":{"rendered":"<div class=\"wp-block-columns is-layout-flex wp-container-core-columns-is-layout-9d6595d7 wp-block-columns-is-layout-flex\">\n<div class=\"wp-block-column is-layout-flow wp-block-column-is-layout-flow\">\n<h3 class=\"wp-block-heading\">Pantoufles \u00e0 logo personnalis\u00e9 de qualit\u00e9 sup\u00e9rieure Caract\u00e9ristiques :<\/h3>\n\n\n\n<p><strong>Logo personnalis\u00e9 :<\/strong> Nos pantoufles en PVC en gros sont compatibles avec le service OEM\/ODM et peuvent \u00eatre personnalis\u00e9es avec le logo de la marque afin d'am\u00e9liorer la reconnaissance de la marque et d'en faciliter le marketing.<\/p>\n\n\n\n<p><strong>Collision des couleurs Design de mode :<\/strong> Ces pantoufles avec logo personnalis\u00e9 adoptent des \u00e9l\u00e9ments de collision de couleurs \u00e0 la mode, rouge, blanc et noir, les uns avec les autres, visuellement attrayants, convenant \u00e0 une vari\u00e9t\u00e9 d'occasions d\u00e9contract\u00e9es \u00e0 porter.<\/p>\n\n\n\n<p><strong>PVC de haute qualit\u00e9 Mat\u00e9riau :<\/strong> Ces pantoufles avec logo personnalis\u00e9 sont fabriqu\u00e9es en PVC souple et confortable, respectueux de l'environnement, r\u00e9sistant \u00e0 l'usure, antid\u00e9rapant, facile \u00e0 nettoyer et d'une longue dur\u00e9e de vie.<\/p>\n\n\n\n<p><strong>Semelle ergonomique : <\/strong>La semelle de nos pantoufles en PVC est con\u00e7ue pour s'adapter \u00e0 la structure du pied, offrant un bon soutien et une bonne performance d'amortissement, confortable \u00e0 porter.<\/p>\n\n\n\n<p><strong>Plusieurs tailles disponibles, adapt\u00e9es \u00e0 un large \u00e9ventail de march\u00e9s :<\/strong> Ces pantoufles avec logo personnalis\u00e9 sont disponibles dans une gamme compl\u00e8te de tailles pour r\u00e9pondre aux besoins des utilisateurs masculins dans diff\u00e9rentes r\u00e9gions et groupes d'\u00e2ge, et conviennent \u00e0 la vente en gros.<\/p>\n<\/div>\n\n\n\n<div class=\"wp-block-column is-layout-flow wp-block-column-is-layout-flow\">\n<figure class=\"wp-block-image size-full\"><img decoding=\"async\" width=\"745\" height=\"745\" src=\"https:\/\/www.mappershoe.com\/wp-content\/uploads\/2025\/04\/custom-logo-slippers-color-blocking-wholesale-pvc-slippers-for-men-8.webp\" alt=\"custom-logo-slippers-color-blocking-wholesale-pvc-slippers-for-men-8\" class=\"wp-image-928\" srcset=\"https:\/\/www.mappershoe.com\/wp-content\/uploads\/2025\/04\/custom-logo-slippers-color-blocking-wholesale-pvc-slippers-for-men-8.webp 745w, https:\/\/www.mappershoe.com\/wp-content\/uploads\/2025\/04\/custom-logo-slippers-color-blocking-wholesale-pvc-slippers-for-men-8-300x300.webp 300w, https:\/\/www.mappershoe.com\/wp-content\/uploads\/2025\/04\/custom-logo-slippers-color-blocking-wholesale-pvc-slippers-for-men-8-150x150.webp 150w, https:\/\/www.mappershoe.com\/wp-content\/uploads\/2025\/04\/custom-logo-slippers-color-blocking-wholesale-pvc-slippers-for-men-8-600x600.webp 600w, https:\/\/www.mappershoe.com\/wp-content\/uploads\/2025\/04\/custom-logo-slippers-color-blocking-wholesale-pvc-slippers-for-men-8-100x100.webp 100w\" sizes=\"(max-width: 745px) 100vw, 745px\" \/><\/figure>\n<\/div>\n<\/div>","protected":false},"excerpt":{"rendered":"<p>Bienvenue sur notre site de vente en gros de pantoufles en PVC. Am\u00e9liorez votre image de marque avec nos pantoufles \u00e0 logo personnalis\u00e9. Dot\u00e9es d'un design color\u00e9 audacieux et moderne et fabriqu\u00e9es en PVC durable de haute qualit\u00e9, ces pantoufles en PVC pour hommes attirent l'attention tout en \u00e9tant confortables pendant des heures. Elles sont disponibles dans une vari\u00e9t\u00e9 de tailles et sont id\u00e9ales pour la vente au d\u00e9tail, l'h\u00f4tellerie et la promotion.<\/p>\n<h2>Pantoufles \u00e0 logo personnalis\u00e9 Sp\u00e9cifications :<\/h2>\n<table width=\"777\">\n<tbody>\n<tr>\n<td width=\"291\">Fabricant :<\/td>\n<td width=\"486\">Mingyi<\/td>\n<\/tr>\n<tr>\n<td>Style :<\/td>\n<td>Pantoufles<\/td>\n<\/tr>\n<tr>\n<td>Mod\u00e8le :<\/td>\n<td>2291<\/td>\n<\/tr>\n<tr>\n<td>Mat\u00e9riau :\u00a0<\/td>\n<td>PVC<\/td>\n<\/tr>\n<tr>\n<td>Couleur :\u00a0<\/td>\n<td>blanc, noir, rouge<\/td>\n<\/tr>\n<tr>\n<td>Taille :\u00a0<\/td>\n<td>Taille US 6\u30016.5 \u30017 \u30017.5 \u30018\u30018.5\u30019\u30019.5\u300110-14<\/td>\n<\/tr>\n<tr>\n<td>Options de personnalisation :\u00a0<\/td>\n<td>Logo (dessus, c\u00f4t\u00e9, semelle int\u00e9rieure) \/ Impression int\u00e9grale \/ Couleur \/ Mati\u00e8re \/ \u00c9paisseur de la semelle \/ Dessus<\/td>\n<\/tr>\n<tr>\n<td>Emballage :\u00a0<\/td>\n<td>Emballage personnalis\u00e9<\/td>\n<\/tr>\n<tr>\n<td>Exemple\uff1a<\/td>\n<td>\u00c9chantillons vierges gratuits<\/td>\n<\/tr>\n<\/tbody>\n<\/table>","protected":false},"featured_media":929,"comment_status":"closed","ping_status":"closed","template":"","meta":{"_acf_changed":false},"product_brand":[],"product_cat":[19],"product_tag":[26,24],"class_list":{"0":"post-913","1":"product","2":"type-product","3":"status-publish","4":"has-post-thumbnail","6":"product_cat-slippers-in-bulk","7":"product_tag-mens-slippers-wholesale","8":"product_tag-wholesale-pvc-slippers","10":"first","11":"instock","12":"shipping-taxable","13":"product-type-simple"},"acf":[],"_links":{"self":[{"href":"https:\/\/www.mappershoe.com\/fr\/wp-json\/wp\/v2\/product\/913","targetHints":{"allow":["GET"]}}],"collection":[{"href":"https:\/\/www.mappershoe.com\/fr\/wp-json\/wp\/v2\/product"}],"about":[{"href":"https:\/\/www.mappershoe.com\/fr\/wp-json\/wp\/v2\/types\/product"}],"replies":[{"embeddable":true,"href":"https:\/\/www.mappershoe.com\/fr\/wp-json\/wp\/v2\/comments?post=913"}],"wp:featuredmedia":[{"embeddable":true,"href":"https:\/\/www.mappershoe.com\/fr\/wp-json\/wp\/v2\/media\/929"}],"wp:attachment":[{"href":"https:\/\/www.mappershoe.com\/fr\/wp-json\/wp\/v2\/media?parent=913"}],"wp:term":[{"taxonomy":"product_brand","embeddable":true,"href":"https:\/\/www.mappershoe.com\/fr\/wp-json\/wp\/v2\/product_brand?post=913"},{"taxonomy":"product_cat","embeddable":true,"href":"https:\/\/www.mappershoe.com\/fr\/wp-json\/wp\/v2\/product_cat?post=913"},{"taxonomy":"product_tag","embeddable":true,"href":"https:\/\/www.mappershoe.com\/fr\/wp-json\/wp\/v2\/product_tag?post=913"}],"curies":[{"name":"wp","href":"https:\/\/api.w.org\/{rel}","templated":true}]}}