{"id":990,"date":"2025-04-27T01:45:18","date_gmt":"2025-04-27T01:45:18","guid":{"rendered":"https:\/\/www.mappershoe.com\/?post_type=product&#038;p=990"},"modified":"2025-10-27T07:32:17","modified_gmt":"2025-10-27T07:32:17","slug":"eva-slippers-bulk","status":"publish","type":"product","link":"https:\/\/www.mappershoe.com\/fr\/produit\/eva-slippers-bulk\/","title":{"rendered":"Chaussons EVA en vrac, chaussons de sport personnalis\u00e9s avec logo"},"content":{"rendered":"<div class=\"wp-block-columns is-layout-flex wp-container-core-columns-is-layout-9d6595d7 wp-block-columns-is-layout-flex\">\n<div class=\"wp-block-column is-layout-flow wp-block-column-is-layout-flow\">\n<h3 class=\"wp-block-heading\">Chaussons EVA de premi\u00e8re qualit\u00e9 Caract\u00e9ristiques en vrac :<\/h3>\n\n\n\n<p><strong>Mat\u00e9riau EVA de premi\u00e8re qualit\u00e9 : <\/strong>Ces pantoufles de sport personnalis\u00e9es sont fabriqu\u00e9es dans un mat\u00e9riau EVA l\u00e9ger, souple et r\u00e9sistant \u00e0 l'usure. Elles sont agr\u00e9ables \u00e0 porter et ne se d\u00e9forment pas facilement apr\u00e8s une utilisation prolong\u00e9e.<\/p>\n\n\n\n<p><strong>Design sportif de la mode :<\/strong> Nos pantoufles en EVA combinent des \u00e9l\u00e9ments de mode avec un style sportif, une apparence moderne, qui convient \u00e0 de nombreuses occasions de loisirs et de plein air.<\/p>\n\n\n\n<p><strong>Possibilit\u00e9 de personnaliser le logo :<\/strong> Nos pantoufles EVA en vrac peuvent \u00eatre personnalis\u00e9es en fonction des besoins de la marque pour aider \u00e0 promouvoir la marque et \u00e0 am\u00e9liorer la reconnaissance exclusive.<\/p>\n\n\n\n<p><strong>Disponible en plusieurs couleurs et tailles :<\/strong> Nos pantoufles EVA en vrac sont disponibles dans des combinaisons de couleurs et de tailles adapt\u00e9es aux go\u00fbts des diff\u00e9rents march\u00e9s et personnes.<\/p>\n\n\n\n<p><strong>Structure de la semelle antid\u00e9rapante :<\/strong> Ces pantoufles personnalis\u00e9es sont scientifiquement con\u00e7ues avec une texture et des semelles antid\u00e9rapantes qui am\u00e9liorent l'adh\u00e9rence et la stabilit\u00e9, et permettent une marche plus s\u00fbre.<\/p>\n<\/div>\n\n\n\n<div class=\"wp-block-column is-layout-flow wp-block-column-is-layout-flow\">\n<figure class=\"wp-block-image size-full\"><img decoding=\"async\" width=\"800\" height=\"800\" src=\"https:\/\/www.mappershoe.com\/wp-content\/uploads\/2025\/04\/eva-slippers-bulk-custom-sports-slippers-with-logo-5.webp\" alt=\"eva-slippers-bulk-custom-sports-slippers-with-logo-5\" class=\"wp-image-995\" srcset=\"https:\/\/www.mappershoe.com\/wp-content\/uploads\/2025\/04\/eva-slippers-bulk-custom-sports-slippers-with-logo-5.webp 800w, https:\/\/www.mappershoe.com\/wp-content\/uploads\/2025\/04\/eva-slippers-bulk-custom-sports-slippers-with-logo-5-300x300.webp 300w, https:\/\/www.mappershoe.com\/wp-content\/uploads\/2025\/04\/eva-slippers-bulk-custom-sports-slippers-with-logo-5-150x150.webp 150w, https:\/\/www.mappershoe.com\/wp-content\/uploads\/2025\/04\/eva-slippers-bulk-custom-sports-slippers-with-logo-5-768x768.webp 768w, https:\/\/www.mappershoe.com\/wp-content\/uploads\/2025\/04\/eva-slippers-bulk-custom-sports-slippers-with-logo-5-600x600.webp 600w, https:\/\/www.mappershoe.com\/wp-content\/uploads\/2025\/04\/eva-slippers-bulk-custom-sports-slippers-with-logo-5-100x100.webp 100w\" sizes=\"(max-width: 800px) 100vw, 800px\" \/><\/figure>\n<\/div>\n<\/div>\n\n\n\n<p><\/p>","protected":false},"excerpt":{"rendered":"<p>Nous vous invitons \u00e0 acheter ces pantoufles personnalis\u00e9es. Regardez comme nos pantoufles EVA en vrac sont \u00e0 la mode - un style raffin\u00e9 avec un mat\u00e9riau EVA de qualit\u00e9, l\u00e9ger et durable, imperm\u00e9able et r\u00e9sistant \u00e0 l'usure, une vari\u00e9t\u00e9 de loisirs et d'occasions sportives. Nous proposons des services de logo client pour aider les marques \u00e0 d\u00e9velopper leur image, disponibles dans d'autres couleurs et tailles pour r\u00e9pondre aux diff\u00e9rents besoins du march\u00e9. Nous pouvons prendre en charge l'achat en gros, la personnalisation OEM et ODM pour que votre marque se d\u00e9marque.<\/p>\n<h2>Chaussons EVA Sp\u00e9cifications en vrac :<\/h2>\n<table width=\"777\">\n<tbody>\n<tr>\n<td width=\"291\">Fabricant :<\/td>\n<td width=\"486\">Mingyi<\/td>\n<\/tr>\n<tr>\n<td>Style :<\/td>\n<td>Pantoufles<\/td>\n<\/tr>\n<tr>\n<td>Mod\u00e8le :<\/td>\n<td>001<\/td>\n<\/tr>\n<tr>\n<td>Mat\u00e9riau :\u00a0<\/td>\n<td>EVA<\/td>\n<\/tr>\n<tr>\n<td>Couleur :\u00a0<\/td>\n<td>noir, blanc, gris, abricot<\/td>\n<\/tr>\n<tr>\n<td>Taille :\u00a0<\/td>\n<td>36-37, 38-39,40-41, 42-43,44-45<\/td>\n<\/tr>\n<tr>\n<td>Options de personnalisation :\u00a0<\/td>\n<td>Logo (dessus, c\u00f4t\u00e9, semelle int\u00e9rieure) \/ Impression int\u00e9grale \/ Couleur \/ Mati\u00e8re \/ \u00c9paisseur de la semelle \/ Dessus<\/td>\n<\/tr>\n<tr>\n<td>Emballage :\u00a0<\/td>\n<td>Emballage personnalis\u00e9<\/td>\n<\/tr>\n<tr>\n<td>Exemple\uff1a<\/td>\n<td>\u00c9chantillons vierges gratuits<\/td>\n<\/tr>\n<\/tbody>\n<\/table>","protected":false},"featured_media":994,"comment_status":"closed","ping_status":"closed","template":"","meta":{"_acf_changed":false},"product_brand":[],"product_cat":[19],"product_tag":[25,26],"class_list":{"0":"post-990","1":"product","2":"type-product","3":"status-publish","4":"has-post-thumbnail","6":"product_cat-slippers-in-bulk","7":"product_tag-eva-slippers-wholesale","8":"product_tag-mens-slippers-wholesale","10":"first","11":"instock","12":"shipping-taxable","13":"product-type-simple"},"acf":[],"_links":{"self":[{"href":"https:\/\/www.mappershoe.com\/fr\/wp-json\/wp\/v2\/product\/990","targetHints":{"allow":["GET"]}}],"collection":[{"href":"https:\/\/www.mappershoe.com\/fr\/wp-json\/wp\/v2\/product"}],"about":[{"href":"https:\/\/www.mappershoe.com\/fr\/wp-json\/wp\/v2\/types\/product"}],"replies":[{"embeddable":true,"href":"https:\/\/www.mappershoe.com\/fr\/wp-json\/wp\/v2\/comments?post=990"}],"wp:featuredmedia":[{"embeddable":true,"href":"https:\/\/www.mappershoe.com\/fr\/wp-json\/wp\/v2\/media\/994"}],"wp:attachment":[{"href":"https:\/\/www.mappershoe.com\/fr\/wp-json\/wp\/v2\/media?parent=990"}],"wp:term":[{"taxonomy":"product_brand","embeddable":true,"href":"https:\/\/www.mappershoe.com\/fr\/wp-json\/wp\/v2\/product_brand?post=990"},{"taxonomy":"product_cat","embeddable":true,"href":"https:\/\/www.mappershoe.com\/fr\/wp-json\/wp\/v2\/product_cat?post=990"},{"taxonomy":"product_tag","embeddable":true,"href":"https:\/\/www.mappershoe.com\/fr\/wp-json\/wp\/v2\/product_tag?post=990"}],"curies":[{"name":"wp","href":"https:\/\/api.w.org\/{rel}","templated":true}]}}